{"id":24923,"date":"2020-09-18T17:22:39","date_gmt":"2020-09-18T15:22:39","guid":{"rendered":"https:\/\/echt-koeln.de\/wycieczki\/"},"modified":"2025-11-17T15:22:43","modified_gmt":"2025-11-17T14:22:43","slug":"wycieczki","status":"publish","type":"page","link":"https:\/\/echt-koeln.de\/pl\/wycieczki\/","title":{"rendered":"Wycieczki"},"content":{"rendered":"\n<h2 class=\"gb-headline gb-headline-1b7aab36 gb-headline-text\"><strong>Oferty wycieczek na ka\u017cd\u0105 okazj\u0119<\/strong><\/h2>\n\n<div class=\"wp-block-media-text has-media-on-the-right is-stacked-on-mobile\"><div class=\"wp-block-media-text__content\">\n<a class=\"gb-button gb-button-ece5b56c gb-button-text\" href=\"https:\/\/echt-koeln.de\/pl\/nasza-zroznicowana-oferta-wycieczek-po-kolonii\/\">Wycieczki<\/a>\n<\/div><figure class=\"wp-block-media-text__media\"><img loading=\"lazy\" decoding=\"async\" width=\"640\" height=\"480\" src=\"https:\/\/echt-koeln.de\/wp-content\/uploads\/2025\/06\/img-0831-002.jpg\" alt=\"\" class=\"wp-image-24017 size-full\" srcset=\"https:\/\/echt-koeln.de\/wp-content\/uploads\/2025\/06\/img-0831-002.jpg 640w, https:\/\/echt-koeln.de\/wp-content\/uploads\/2025\/06\/img-0831-002-600x450.jpg 600w, https:\/\/echt-koeln.de\/wp-content\/uploads\/2025\/06\/img-0831-002-150x113.jpg 150w, https:\/\/echt-koeln.de\/wp-content\/uploads\/2025\/06\/img-0831-002-50x38.jpg 50w\" sizes=\"auto, (max-width: 640px) 100vw, 640px\" \/><\/figure><\/div>\n\n<div class=\"wp-block-media-text is-stacked-on-mobile\"><figure class=\"wp-block-media-text__media\"><img loading=\"lazy\" decoding=\"async\" width=\"1024\" height=\"768\" src=\"https:\/\/echt-koeln.de\/wp-content\/uploads\/2023\/02\/img-8004-1024x768.jpg\" alt=\"\" class=\"wp-image-21000 size-full\" srcset=\"https:\/\/echt-koeln.de\/wp-content\/uploads\/2023\/02\/img-8004-1024x768.jpg 1024w, https:\/\/echt-koeln.de\/wp-content\/uploads\/2023\/02\/img-8004-600x450.jpg 600w, https:\/\/echt-koeln.de\/wp-content\/uploads\/2023\/02\/img-8004-150x113.jpg 150w, https:\/\/echt-koeln.de\/wp-content\/uploads\/2023\/02\/img-8004-768x576.jpg 768w, https:\/\/echt-koeln.de\/wp-content\/uploads\/2023\/02\/img-8004-1536x1152.jpg 1536w, https:\/\/echt-koeln.de\/wp-content\/uploads\/2023\/02\/img-8004-800x600.jpg 800w, https:\/\/echt-koeln.de\/wp-content\/uploads\/2023\/02\/img-8004-1600x1200.jpg 1600w, https:\/\/echt-koeln.de\/wp-content\/uploads\/2023\/02\/img-8004.jpg 2048w\" sizes=\"auto, (max-width: 1024px) 100vw, 1024px\" \/><\/figure><div class=\"wp-block-media-text__content\">\n<a class=\"gb-button gb-button-ea2a0b99 gb-button-text\" href=\"https:\/\/echt-koeln.de\/pl\/wycieczki\/wycieczki-z-przewodnikiem-dla-klas-szkolnych-i-mlodziezy-w-kolonii\/\">Wycieczki z przewodnikiem w klasach szkolnych<\/a>\n<\/div><\/div>\n\n<div class=\"wp-block-media-text has-media-on-the-right is-stacked-on-mobile\"><div class=\"wp-block-media-text__content\">\n<a class=\"gb-button gb-button-7ec52bff gb-button-text\" href=\"https:\/\/echt-koeln.de\/pl\/wycieczki\/wycieczki-po-browarach-w-kolonii\/\">Wycieczki po browarze<\/a>\n<\/div><figure class=\"wp-block-media-text__media\"><img loading=\"lazy\" decoding=\"async\" width=\"1024\" height=\"683\" src=\"https:\/\/echt-koeln.de\/wp-content\/uploads\/2020\/09\/img_5698-3-1024x683.jpg\" alt=\"\" class=\"wp-image-20282 size-full\" srcset=\"https:\/\/echt-koeln.de\/wp-content\/uploads\/2020\/09\/img_5698-3-1024x683.jpg 1024w, https:\/\/echt-koeln.de\/wp-content\/uploads\/2020\/09\/img_5698-3-600x400.jpg 600w, https:\/\/echt-koeln.de\/wp-content\/uploads\/2020\/09\/img_5698-3-150x100.jpg 150w, https:\/\/echt-koeln.de\/wp-content\/uploads\/2020\/09\/img_5698-3-768x512.jpg 768w, https:\/\/echt-koeln.de\/wp-content\/uploads\/2020\/09\/img_5698-3-1600x1067.jpg 1600w, https:\/\/echt-koeln.de\/wp-content\/uploads\/2020\/09\/img_5698-3-1536x1024.jpg 1536w, https:\/\/echt-koeln.de\/wp-content\/uploads\/2020\/09\/img_5698-3-2048x1365.jpg 2048w, https:\/\/echt-koeln.de\/wp-content\/uploads\/2020\/09\/img_5698-3-1200x800.jpg 1200w\" sizes=\"auto, (max-width: 1024px) 100vw, 1024px\" \/><\/figure><\/div>\n\n<div class=\"wp-block-media-text is-stacked-on-mobile\"><figure class=\"wp-block-media-text__media\"><img loading=\"lazy\" decoding=\"async\" width=\"1024\" height=\"683\" src=\"https:\/\/echt-koeln.de\/wp-content\/uploads\/2023\/08\/shutterstock-1669363282-paola-leone-1024x683.jpg\" alt=\"\" class=\"wp-image-21039 size-full\" srcset=\"https:\/\/echt-koeln.de\/wp-content\/uploads\/2023\/08\/shutterstock-1669363282-paola-leone-1024x683.jpg 1024w, https:\/\/echt-koeln.de\/wp-content\/uploads\/2023\/08\/shutterstock-1669363282-paola-leone-600x400.jpg 600w, https:\/\/echt-koeln.de\/wp-content\/uploads\/2023\/08\/shutterstock-1669363282-paola-leone-150x100.jpg 150w, https:\/\/echt-koeln.de\/wp-content\/uploads\/2023\/08\/shutterstock-1669363282-paola-leone-768x512.jpg 768w, https:\/\/echt-koeln.de\/wp-content\/uploads\/2023\/08\/shutterstock-1669363282-paola-leone-1600x1067.jpg 1600w, https:\/\/echt-koeln.de\/wp-content\/uploads\/2023\/08\/shutterstock-1669363282-paola-leone-1536x1024.jpg 1536w, https:\/\/echt-koeln.de\/wp-content\/uploads\/2023\/08\/shutterstock-1669363282-paola-leone-2048x1365.jpg 2048w, https:\/\/echt-koeln.de\/wp-content\/uploads\/2023\/08\/shutterstock-1669363282-paola-leone-1200x800.jpg 1200w\" sizes=\"auto, (max-width: 1024px) 100vw, 1024px\" \/><\/figure><div class=\"wp-block-media-text__content\">\n<a class=\"gb-button gb-button-f0c85d6b gb-button-text\" href=\"https:\/\/echt-koeln.de\/pl\/wycieczki\/wycieczki-w-jezyku-obcym\/\">Wycieczki z przewodnikiem w j\u0119zykach obcych<\/a>\n<\/div><\/div>\n\n<div style=\"height:100px\" aria-hidden=\"true\" class=\"wp-block-spacer\"><\/div>\n","protected":false},"excerpt":{"rendered":"<p>Oferty wycieczek na ka\u017cd\u0105 okazj\u0119<\/p>\n","protected":false},"author":2,"featured_media":0,"parent":0,"menu_order":99,"comment_status":"closed","ping_status":"closed","template":"","meta":{"footnotes":""},"class_list":["post-24923","page","type-page","status-publish"],"yoast_head":"<!-- This site is optimized with the Yoast SEO plugin v27.5 - https:\/\/yoast.com\/product\/yoast-seo-wordpress\/ -->\n<title>Wycieczki - echt K\u00f6ln Stadtf\u00fchrungen<\/title>\n<meta name=\"robots\" content=\"index, follow, max-snippet:-1, max-image-preview:large, max-video-preview:-1\" \/>\n<link rel=\"canonical\" href=\"https:\/\/echt-koeln.de\/pl\/wycieczki\/\" \/>\n<meta property=\"og:locale\" content=\"pl_PL\" \/>\n<meta property=\"og:type\" content=\"article\" \/>\n<meta property=\"og:title\" content=\"Wycieczki - echt K\u00f6ln Stadtf\u00fchrungen\" \/>\n<meta property=\"og:description\" content=\"Oferty wycieczek na ka\u017cd\u0105 okazj\u0119\" \/>\n<meta property=\"og:url\" content=\"https:\/\/echt-koeln.de\/pl\/wycieczki\/\" \/>\n<meta property=\"og:site_name\" content=\"echt K\u00f6ln Stadtf\u00fchrungen\" \/>\n<meta property=\"article:modified_time\" content=\"2025-11-17T14:22:43+00:00\" \/>\n<meta property=\"og:image\" content=\"https:\/\/echt-koeln.de\/wp-content\/uploads\/2025\/06\/img-0831-002.jpg\" \/>\n\t<meta property=\"og:image:width\" content=\"640\" \/>\n\t<meta property=\"og:image:height\" content=\"480\" \/>\n\t<meta property=\"og:image:type\" content=\"image\/jpeg\" \/>\n<meta name=\"twitter:card\" content=\"summary_large_image\" \/>\n<script type=\"application\/ld+json\" class=\"yoast-schema-graph\">{\"@context\":\"https:\\\/\\\/schema.org\",\"@graph\":[{\"@type\":\"WebPage\",\"@id\":\"https:\\\/\\\/echt-koeln.de\\\/pl\\\/wycieczki\\\/\",\"url\":\"https:\\\/\\\/echt-koeln.de\\\/pl\\\/wycieczki\\\/\",\"name\":\"Wycieczki - echt K\u00f6ln Stadtf\u00fchrungen\",\"isPartOf\":{\"@id\":\"https:\\\/\\\/echt-koeln.de\\\/pl\\\/#website\"},\"primaryImageOfPage\":{\"@id\":\"https:\\\/\\\/echt-koeln.de\\\/pl\\\/wycieczki\\\/#primaryimage\"},\"image\":{\"@id\":\"https:\\\/\\\/echt-koeln.de\\\/pl\\\/wycieczki\\\/#primaryimage\"},\"thumbnailUrl\":\"https:\\\/\\\/echt-koeln.de\\\/wp-content\\\/uploads\\\/2025\\\/06\\\/img-0831-002.jpg\",\"datePublished\":\"2020-09-18T15:22:39+00:00\",\"dateModified\":\"2025-11-17T14:22:43+00:00\",\"breadcrumb\":{\"@id\":\"https:\\\/\\\/echt-koeln.de\\\/pl\\\/wycieczki\\\/#breadcrumb\"},\"inLanguage\":\"pl-PL\",\"potentialAction\":[{\"@type\":\"ReadAction\",\"target\":[\"https:\\\/\\\/echt-koeln.de\\\/pl\\\/wycieczki\\\/\"]}]},{\"@type\":\"ImageObject\",\"inLanguage\":\"pl-PL\",\"@id\":\"https:\\\/\\\/echt-koeln.de\\\/pl\\\/wycieczki\\\/#primaryimage\",\"url\":\"https:\\\/\\\/echt-koeln.de\\\/wp-content\\\/uploads\\\/2025\\\/06\\\/img-0831-002.jpg\",\"contentUrl\":\"https:\\\/\\\/echt-koeln.de\\\/wp-content\\\/uploads\\\/2025\\\/06\\\/img-0831-002.jpg\"},{\"@type\":\"BreadcrumbList\",\"@id\":\"https:\\\/\\\/echt-koeln.de\\\/pl\\\/wycieczki\\\/#breadcrumb\",\"itemListElement\":[{\"@type\":\"ListItem\",\"position\":1,\"name\":\"Startseite\",\"item\":\"https:\\\/\\\/echt-koeln.de\\\/pl\\\/\"},{\"@type\":\"ListItem\",\"position\":2,\"name\":\"Wycieczki\"}]},{\"@type\":\"WebSite\",\"@id\":\"https:\\\/\\\/echt-koeln.de\\\/pl\\\/#website\",\"url\":\"https:\\\/\\\/echt-koeln.de\\\/pl\\\/\",\"name\":\"echt K\u00f6ln\",\"description\":\"Begegnungen mit einer ganz besonderen Stadt\",\"publisher\":{\"@id\":\"https:\\\/\\\/echt-koeln.de\\\/pl\\\/#\\\/schema\\\/person\\\/fafc759c78f6aa21c8fe344f16d37d07\"},\"potentialAction\":[{\"@type\":\"SearchAction\",\"target\":{\"@type\":\"EntryPoint\",\"urlTemplate\":\"https:\\\/\\\/echt-koeln.de\\\/pl\\\/?s={search_term_string}\"},\"query-input\":{\"@type\":\"PropertyValueSpecification\",\"valueRequired\":true,\"valueName\":\"search_term_string\"}}],\"inLanguage\":\"pl-PL\"},{\"@type\":[\"Person\",\"Organization\"],\"@id\":\"https:\\\/\\\/echt-koeln.de\\\/pl\\\/#\\\/schema\\\/person\\\/fafc759c78f6aa21c8fe344f16d37d07\",\"name\":\"Markus Zens\",\"image\":{\"@type\":\"ImageObject\",\"inLanguage\":\"pl-PL\",\"@id\":\"https:\\\/\\\/echt-koeln.de\\\/wp-content\\\/uploads\\\/2020\\\/09\\\/cropped-echt_koeln_logo_klein.jpg\",\"url\":\"https:\\\/\\\/echt-koeln.de\\\/wp-content\\\/uploads\\\/2020\\\/09\\\/cropped-echt_koeln_logo_klein.jpg\",\"contentUrl\":\"https:\\\/\\\/echt-koeln.de\\\/wp-content\\\/uploads\\\/2020\\\/09\\\/cropped-echt_koeln_logo_klein.jpg\",\"width\":2000,\"height\":400,\"caption\":\"Markus Zens\"},\"logo\":{\"@id\":\"https:\\\/\\\/echt-koeln.de\\\/wp-content\\\/uploads\\\/2020\\\/09\\\/cropped-echt_koeln_logo_klein.jpg\"}}]}<\/script>\n<!-- \/ Yoast SEO plugin. -->","yoast_head_json":{"title":"Wycieczki - echt K\u00f6ln Stadtf\u00fchrungen","robots":{"index":"index","follow":"follow","max-snippet":"max-snippet:-1","max-image-preview":"max-image-preview:large","max-video-preview":"max-video-preview:-1"},"canonical":"https:\/\/echt-koeln.de\/pl\/wycieczki\/","og_locale":"pl_PL","og_type":"article","og_title":"Wycieczki - echt K\u00f6ln Stadtf\u00fchrungen","og_description":"Oferty wycieczek na ka\u017cd\u0105 okazj\u0119","og_url":"https:\/\/echt-koeln.de\/pl\/wycieczki\/","og_site_name":"echt K\u00f6ln Stadtf\u00fchrungen","article_modified_time":"2025-11-17T14:22:43+00:00","og_image":[{"width":640,"height":480,"url":"https:\/\/echt-koeln.de\/wp-content\/uploads\/2025\/06\/img-0831-002.jpg","type":"image\/jpeg"}],"twitter_card":"summary_large_image","schema":{"@context":"https:\/\/schema.org","@graph":[{"@type":"WebPage","@id":"https:\/\/echt-koeln.de\/pl\/wycieczki\/","url":"https:\/\/echt-koeln.de\/pl\/wycieczki\/","name":"Wycieczki - echt K\u00f6ln Stadtf\u00fchrungen","isPartOf":{"@id":"https:\/\/echt-koeln.de\/pl\/#website"},"primaryImageOfPage":{"@id":"https:\/\/echt-koeln.de\/pl\/wycieczki\/#primaryimage"},"image":{"@id":"https:\/\/echt-koeln.de\/pl\/wycieczki\/#primaryimage"},"thumbnailUrl":"https:\/\/echt-koeln.de\/wp-content\/uploads\/2025\/06\/img-0831-002.jpg","datePublished":"2020-09-18T15:22:39+00:00","dateModified":"2025-11-17T14:22:43+00:00","breadcrumb":{"@id":"https:\/\/echt-koeln.de\/pl\/wycieczki\/#breadcrumb"},"inLanguage":"pl-PL","potentialAction":[{"@type":"ReadAction","target":["https:\/\/echt-koeln.de\/pl\/wycieczki\/"]}]},{"@type":"ImageObject","inLanguage":"pl-PL","@id":"https:\/\/echt-koeln.de\/pl\/wycieczki\/#primaryimage","url":"https:\/\/echt-koeln.de\/wp-content\/uploads\/2025\/06\/img-0831-002.jpg","contentUrl":"https:\/\/echt-koeln.de\/wp-content\/uploads\/2025\/06\/img-0831-002.jpg"},{"@type":"BreadcrumbList","@id":"https:\/\/echt-koeln.de\/pl\/wycieczki\/#breadcrumb","itemListElement":[{"@type":"ListItem","position":1,"name":"Startseite","item":"https:\/\/echt-koeln.de\/pl\/"},{"@type":"ListItem","position":2,"name":"Wycieczki"}]},{"@type":"WebSite","@id":"https:\/\/echt-koeln.de\/pl\/#website","url":"https:\/\/echt-koeln.de\/pl\/","name":"echt K\u00f6ln","description":"Begegnungen mit einer ganz besonderen Stadt","publisher":{"@id":"https:\/\/echt-koeln.de\/pl\/#\/schema\/person\/fafc759c78f6aa21c8fe344f16d37d07"},"potentialAction":[{"@type":"SearchAction","target":{"@type":"EntryPoint","urlTemplate":"https:\/\/echt-koeln.de\/pl\/?s={search_term_string}"},"query-input":{"@type":"PropertyValueSpecification","valueRequired":true,"valueName":"search_term_string"}}],"inLanguage":"pl-PL"},{"@type":["Person","Organization"],"@id":"https:\/\/echt-koeln.de\/pl\/#\/schema\/person\/fafc759c78f6aa21c8fe344f16d37d07","name":"Markus Zens","image":{"@type":"ImageObject","inLanguage":"pl-PL","@id":"https:\/\/echt-koeln.de\/wp-content\/uploads\/2020\/09\/cropped-echt_koeln_logo_klein.jpg","url":"https:\/\/echt-koeln.de\/wp-content\/uploads\/2020\/09\/cropped-echt_koeln_logo_klein.jpg","contentUrl":"https:\/\/echt-koeln.de\/wp-content\/uploads\/2020\/09\/cropped-echt_koeln_logo_klein.jpg","width":2000,"height":400,"caption":"Markus Zens"},"logo":{"@id":"https:\/\/echt-koeln.de\/wp-content\/uploads\/2020\/09\/cropped-echt_koeln_logo_klein.jpg"}}]}},"_links":{"self":[{"href":"https:\/\/echt-koeln.de\/pl\/wp-json\/wp\/v2\/pages\/24923","targetHints":{"allow":["GET"]}}],"collection":[{"href":"https:\/\/echt-koeln.de\/pl\/wp-json\/wp\/v2\/pages"}],"about":[{"href":"https:\/\/echt-koeln.de\/pl\/wp-json\/wp\/v2\/types\/page"}],"author":[{"embeddable":true,"href":"https:\/\/echt-koeln.de\/pl\/wp-json\/wp\/v2\/users\/2"}],"replies":[{"embeddable":true,"href":"https:\/\/echt-koeln.de\/pl\/wp-json\/wp\/v2\/comments?post=24923"}],"version-history":[{"count":3,"href":"https:\/\/echt-koeln.de\/pl\/wp-json\/wp\/v2\/pages\/24923\/revisions"}],"predecessor-version":[{"id":24943,"href":"https:\/\/echt-koeln.de\/pl\/wp-json\/wp\/v2\/pages\/24923\/revisions\/24943"}],"wp:attachment":[{"href":"https:\/\/echt-koeln.de\/pl\/wp-json\/wp\/v2\/media?parent=24923"}],"curies":[{"name":"wp","href":"https:\/\/api.w.org\/{rel}","templated":true}]}}