{"id":24550,"date":"2020-09-29T10:58:07","date_gmt":"2020-09-29T08:58:07","guid":{"rendered":"https:\/\/echt-koeln.de\/nadruk\/"},"modified":"2025-12-10T14:01:45","modified_gmt":"2025-12-10T13:01:45","slug":"impressum","status":"publish","type":"page","link":"https:\/\/echt-koeln.de\/pl\/impressum\/","title":{"rendered":"Impressum"},"content":{"rendered":"\n<div class=\"gb-container gb-container-c4aa2893\"><div class=\"gb-inside-container\">\n<p>Echt K\u00f6ln<br>Stadtf\u00fchrungen<br>Markus Zens<br>Steinzeugstra\u00dfe 15<br>50226 Frechen<\/p>\n\n\n\n<p>Tel 02234 6 999 722<br><a href=\"&#x6d;&#x61;&#x69;&#x6c;&#x74;&#x6f;&#x3a;&#107;&#111;&#110;&#116;&#97;kt&#64;e&#x63;&#x68;&#x74;&#x2d;&#x6b;&#x6f;&#x65;&#x6c;&#110;&#46;&#100;&#101;\">&#107;&#x6f;&#x6e;&#116;&#x61;&#x6b;&#116;&#x40;&#x65;&#99;&#x68;&#x74;&#45;&#x6b;&#x6f;&#101;&#x6c;&#x6e;&#46;&#x64;&#x65;<\/a><br><a href=\"http:\/\/www.echt-koeln.de\">www.echt-koeln.de<\/a><\/p>\n\n\n\n<p>Alle Texte, Grafiken und Bilder auf www.echt-koeln.de unterliegen dem Copyright. Kein Teil dieser Publikation darf ohne schriftliche Genehmigung in irgendeiner Form reproduziert und unter Verwendung elektronischer Systeme verarbeitet, vervielf\u00e4ltigt oder verbreitet werden.<\/p>\n\n\n\n<p>Gestaltung basierend auf GeneratePress f\u00fcr WordPress<br>Technische Realisierung: wunderlichundweigand<\/p>\n\n\n\n<h3 class=\"gb-headline gb-headline-f3af87b2\">Haftung f\u00fcr Inhalte<\/h3>\n\n\n\n<p>Die Inhalte dieser Seiten wurden mit gr\u00f6\u00dfter Sorgfalt erstellt. F\u00fcr die Richtigkeit, Vollst\u00e4ndigkeit und Aktualit\u00e4t der Inhalte kann jedoch keine Gew\u00e4hr \u00fcbernommen werden. Als Diensteanbieter ist ech K\u00f6ln gem\u00e4\u00df \u00a7 7 Abs.1 TMG f\u00fcr eigene Inhalte auf diesen Seiten nach den allgemeinen Gesetzen verantwortlich. Nach \u00a7\u00a7 8 bis10 TMG ist wortweise.bilderreich. als Diensteanbieter jedoch nicht verpflichtet, \u00fcbermittelte oder gespeicherte fremde Informationen zu \u00fcberwachen oder nach Umst\u00e4nden zu forschen, die auf eine rechtswidrige T\u00e4tigkeit hinweisen. Verpflichtungen zur Entfernung oder Sperrung der Nutzung von Informationen nach den allgemeinen Gesetzen bleiben hiervon unber\u00fchrt. Eine diesbez\u00fcgliche Haftung ist jedoch erst ab dem Zeitpunkt der Kenntnis einer konkreten Rechtsverletzung m\u00f6glich. Bei Bekanntwerden von entsprechenden Rechtsverletzungen werden diese Inhalte umgehend entfernt.<\/p>\n\n\n\n<h3 class=\"gb-headline gb-headline-288b824f\">Haftung f\u00fcr Links<\/h3>\n\n\n\n<p>Diese Webseite enth\u00e4lt Links zu externen Webseiten Dritter, auf deren Inhalte wortweise.bilderreich. keinen Einfluss hat. Deshalb kann f\u00fcr diese fremden Inhalte auch keine Gew\u00e4hr \u00fcbernommen werden. F\u00fcr die Inhalte der verlinkten Seiten ist stets der jeweilige Anbieter oder Betreiber der Seiten verantwortlich. Die verlinkten Seiten wurden zum Zeitpunkt der Verlinkung auf m\u00f6gliche Rechtsverst\u00f6\u00dfe \u00fcberpr\u00fcft. Rechtswidrige Inhalte waren zum Zeitpunkt der Verlinkung nicht erkennbar. Eine permanente inhaltliche Kontrolle der verlinkten Seiten ist jedoch ohne konkrete Anhaltspunkte einer Rechtsverletzung nicht zumutbar. Bei Bekanntwerden von Rechtsverletzungen werden derartige Links umgehend entfernt.<\/p>\n\n\n\n<h3 class=\"gb-headline gb-headline-73c38eb9\">Urheberrecht<\/h3>\n\n\n\n<p>Die durch die Seitenbetreiber erstellten Inhalte und Werke auf diesen Seiten unterliegen dem deutschen Urheberrecht. Die Vervielf\u00e4ltigung, Bearbeitung, Verbreitung und jede Art der Verwertung au\u00dferhalb der Grenzen des Urheberrechtes bed\u00fcrfen der schriftlichen Zustimmung des Erstellers. Downloads und Kopien dieser Seite sind nur f\u00fcr den privaten, nicht kommerziellen Gebrauch gestattet. Soweit die Inhalte auf dieser Seite nicht vom Betreiber erstellt wurden, werden die Urheberrechte Dritter beachtet. Insbesondere werden Inhalte Dritter als solche gekennzeichnet.<\/p>\n\n\n\n<h3 class=\"gb-headline gb-headline-b01ab89f\">Datenschutz<\/h3>\n\n\n\n<p class=\"gb-headline gb-headline-ce318d05\">Die Nutzung dieser Webseite ist in der Regel ohne Angabe personenbezogener Daten m\u00f6glich. Soweit auf unseren Seiten personenbezogene Daten (beispielsweise Name, Anschrift oder E\u2010Mail\u2010Adressen) erhoben werden, erfolgt dies, soweit m\u00f6glich, stets auf freiwilliger Basis. Diese Daten werden ohne Ihre ausdr\u00fcckliche Zustimmung nicht an Dritte weitergegeben. Ich weise darauf hin, dass die Daten\u00fcbertragung im Internet (z.B. bei der Kommunikation per E\u2010Mail) Sicherheitsl\u00fccken aufweisen kann. Ein l\u00fcckenloser Schutz der Daten vor dem Zugriff durch Dritte ist nicht m\u00f6glich.<br\/>Der Nutzung von im Rahmen der Impressumspflicht ver\u00f6ffentlichten Kontaktdaten durch Dritte zur \u00dcbersendung von nicht ausdr\u00fccklich angeforderter Werbung und Informationsmaterialien wird hiermit ausdr\u00fccklich widersprochen. Ich behalte mir ausdr\u00fccklich rechtliche Schritte im Falle der unverlangten Zusendung von Werbeinformationen, etwa durch Spam\u2010Mails, vor.<\/p>\n<\/div><\/div>\n","protected":false},"excerpt":{"rendered":"<p>Echt K\u00f6lnStadtf\u00fchrungenMarkus ZensSteinzeugstra\u00dfe 1550226 Frechen Tel 02234 6 999 722&#x6b;&#111;n&#x74;&#x61;&#107;t&#x40;&#101;c&#x68;&#x74;&#45;k&#x6f;&#101;l&#x6e;&#x2e;&#100;ewww.echt-koeln.de Alle Texte, Grafiken und Bilder auf www.echt-koeln.de unterliegen dem Copyright. Kein Teil dieser Publikation darf ohne schriftliche Genehmigung in irgendeiner Form reproduziert und unter Verwendung elektronischer Systeme verarbeitet, vervielf\u00e4ltigt oder verbreitet werden. Gestaltung basierend auf GeneratePress f\u00fcr WordPressTechnische Realisierung: wunderlichundweigand Haftung f\u00fcr Inhalte Die Inhalte &#8230; <a title=\"Impressum\" class=\"read-more\" href=\"https:\/\/echt-koeln.de\/pl\/impressum\/\" aria-label=\"Dowiedz si\u0119 wi\u0119cej o Impressum\">Czytaj dalej<\/a><\/p>\n","protected":false},"author":1,"featured_media":21612,"parent":0,"menu_order":74,"comment_status":"closed","ping_status":"closed","template":"","meta":{"footnotes":""},"class_list":["post-24550","page","type-page","status-publish","has-post-thumbnail"],"yoast_head":"<!-- This site is optimized with the Yoast SEO plugin v27.4 - https:\/\/yoast.com\/product\/yoast-seo-wordpress\/ -->\n<title>Impressum - echt K\u00f6ln Stadtf\u00fchrungen<\/title>\n<meta name=\"description\" content=\"Echt K\u00f6ln oferuje atrakcyjne wycieczki po mie\u015bcie i zwiedzanie Kolonii z przewodnikiem\" \/>\n<meta name=\"robots\" content=\"index, follow, max-snippet:-1, max-image-preview:large, max-video-preview:-1\" \/>\n<link rel=\"canonical\" href=\"https:\/\/echt-koeln.de\/pl\/impressum\/\" \/>\n<meta property=\"og:locale\" content=\"pl_PL\" \/>\n<meta property=\"og:type\" content=\"article\" \/>\n<meta property=\"og:title\" content=\"Impressum - echt K\u00f6ln Stadtf\u00fchrungen\" \/>\n<meta property=\"og:description\" content=\"Echt K\u00f6ln oferuje atrakcyjne wycieczki po mie\u015bcie i zwiedzanie Kolonii z przewodnikiem\" \/>\n<meta property=\"og:url\" content=\"https:\/\/echt-koeln.de\/pl\/impressum\/\" \/>\n<meta property=\"og:site_name\" content=\"echt K\u00f6ln Stadtf\u00fchrungen\" \/>\n<meta property=\"article:modified_time\" content=\"2025-12-10T13:01:45+00:00\" \/>\n<meta property=\"og:image\" content=\"https:\/\/echt-koeln.de\/wp-content\/uploads\/2020\/09\/shutterstock_193255334_william-peruginiweb.jpg\" \/>\n\t<meta property=\"og:image:width\" content=\"1222\" \/>\n\t<meta property=\"og:image:height\" content=\"815\" \/>\n\t<meta property=\"og:image:type\" content=\"image\/jpeg\" \/>\n<meta name=\"twitter:card\" content=\"summary_large_image\" \/>\n<meta name=\"twitter:label1\" content=\"Szacowany czas czytania\" \/>\n\t<meta name=\"twitter:data1\" content=\"2 minuty\" \/>\n<script type=\"application\/ld+json\" class=\"yoast-schema-graph\">{\"@context\":\"https:\\\/\\\/schema.org\",\"@graph\":[{\"@type\":\"WebPage\",\"@id\":\"https:\\\/\\\/echt-koeln.de\\\/pl\\\/impressum\\\/\",\"url\":\"https:\\\/\\\/echt-koeln.de\\\/pl\\\/impressum\\\/\",\"name\":\"Impressum - echt K\u00f6ln Stadtf\u00fchrungen\",\"isPartOf\":{\"@id\":\"https:\\\/\\\/echt-koeln.de\\\/pl\\\/#website\"},\"primaryImageOfPage\":{\"@id\":\"https:\\\/\\\/echt-koeln.de\\\/pl\\\/impressum\\\/#primaryimage\"},\"image\":{\"@id\":\"https:\\\/\\\/echt-koeln.de\\\/pl\\\/impressum\\\/#primaryimage\"},\"thumbnailUrl\":\"https:\\\/\\\/echt-koeln.de\\\/wp-content\\\/uploads\\\/2020\\\/09\\\/shutterstock_193255334_william-peruginiweb.jpg\",\"datePublished\":\"2020-09-29T08:58:07+00:00\",\"dateModified\":\"2025-12-10T13:01:45+00:00\",\"description\":\"Echt K\u00f6ln oferuje atrakcyjne wycieczki po mie\u015bcie i zwiedzanie Kolonii z przewodnikiem\",\"breadcrumb\":{\"@id\":\"https:\\\/\\\/echt-koeln.de\\\/pl\\\/impressum\\\/#breadcrumb\"},\"inLanguage\":\"pl-PL\",\"potentialAction\":[{\"@type\":\"ReadAction\",\"target\":[\"https:\\\/\\\/echt-koeln.de\\\/pl\\\/impressum\\\/\"]}]},{\"@type\":\"ImageObject\",\"inLanguage\":\"pl-PL\",\"@id\":\"https:\\\/\\\/echt-koeln.de\\\/pl\\\/impressum\\\/#primaryimage\",\"url\":\"https:\\\/\\\/echt-koeln.de\\\/wp-content\\\/uploads\\\/2020\\\/09\\\/shutterstock_193255334_william-peruginiweb.jpg\",\"contentUrl\":\"https:\\\/\\\/echt-koeln.de\\\/wp-content\\\/uploads\\\/2020\\\/09\\\/shutterstock_193255334_william-peruginiweb.jpg\",\"width\":1222,\"height\":815},{\"@type\":\"BreadcrumbList\",\"@id\":\"https:\\\/\\\/echt-koeln.de\\\/pl\\\/impressum\\\/#breadcrumb\",\"itemListElement\":[{\"@type\":\"ListItem\",\"position\":1,\"name\":\"Startseite\",\"item\":\"https:\\\/\\\/echt-koeln.de\\\/pl\\\/\"},{\"@type\":\"ListItem\",\"position\":2,\"name\":\"Impressum\"}]},{\"@type\":\"WebSite\",\"@id\":\"https:\\\/\\\/echt-koeln.de\\\/pl\\\/#website\",\"url\":\"https:\\\/\\\/echt-koeln.de\\\/pl\\\/\",\"name\":\"echt K\u00f6ln\",\"description\":\"Begegnungen mit einer ganz besonderen Stadt\",\"publisher\":{\"@id\":\"https:\\\/\\\/echt-koeln.de\\\/pl\\\/#\\\/schema\\\/person\\\/fafc759c78f6aa21c8fe344f16d37d07\"},\"potentialAction\":[{\"@type\":\"SearchAction\",\"target\":{\"@type\":\"EntryPoint\",\"urlTemplate\":\"https:\\\/\\\/echt-koeln.de\\\/pl\\\/?s={search_term_string}\"},\"query-input\":{\"@type\":\"PropertyValueSpecification\",\"valueRequired\":true,\"valueName\":\"search_term_string\"}}],\"inLanguage\":\"pl-PL\"},{\"@type\":[\"Person\",\"Organization\"],\"@id\":\"https:\\\/\\\/echt-koeln.de\\\/pl\\\/#\\\/schema\\\/person\\\/fafc759c78f6aa21c8fe344f16d37d07\",\"name\":\"Markus Zens\",\"image\":{\"@type\":\"ImageObject\",\"inLanguage\":\"pl-PL\",\"@id\":\"https:\\\/\\\/echt-koeln.de\\\/wp-content\\\/uploads\\\/2020\\\/09\\\/cropped-echt_koeln_logo_klein.jpg\",\"url\":\"https:\\\/\\\/echt-koeln.de\\\/wp-content\\\/uploads\\\/2020\\\/09\\\/cropped-echt_koeln_logo_klein.jpg\",\"contentUrl\":\"https:\\\/\\\/echt-koeln.de\\\/wp-content\\\/uploads\\\/2020\\\/09\\\/cropped-echt_koeln_logo_klein.jpg\",\"width\":2000,\"height\":400,\"caption\":\"Markus Zens\"},\"logo\":{\"@id\":\"https:\\\/\\\/echt-koeln.de\\\/wp-content\\\/uploads\\\/2020\\\/09\\\/cropped-echt_koeln_logo_klein.jpg\"}}]}<\/script>\n<!-- \/ Yoast SEO plugin. -->","yoast_head_json":{"title":"Impressum - echt K\u00f6ln Stadtf\u00fchrungen","description":"Echt K\u00f6ln oferuje atrakcyjne wycieczki po mie\u015bcie i zwiedzanie Kolonii z przewodnikiem","robots":{"index":"index","follow":"follow","max-snippet":"max-snippet:-1","max-image-preview":"max-image-preview:large","max-video-preview":"max-video-preview:-1"},"canonical":"https:\/\/echt-koeln.de\/pl\/impressum\/","og_locale":"pl_PL","og_type":"article","og_title":"Impressum - echt K\u00f6ln Stadtf\u00fchrungen","og_description":"Echt K\u00f6ln oferuje atrakcyjne wycieczki po mie\u015bcie i zwiedzanie Kolonii z przewodnikiem","og_url":"https:\/\/echt-koeln.de\/pl\/impressum\/","og_site_name":"echt K\u00f6ln Stadtf\u00fchrungen","article_modified_time":"2025-12-10T13:01:45+00:00","og_image":[{"width":1222,"height":815,"url":"https:\/\/echt-koeln.de\/wp-content\/uploads\/2020\/09\/shutterstock_193255334_william-peruginiweb.jpg","type":"image\/jpeg"}],"twitter_card":"summary_large_image","twitter_misc":{"Szacowany czas czytania":"2 minuty"},"schema":{"@context":"https:\/\/schema.org","@graph":[{"@type":"WebPage","@id":"https:\/\/echt-koeln.de\/pl\/impressum\/","url":"https:\/\/echt-koeln.de\/pl\/impressum\/","name":"Impressum - echt K\u00f6ln Stadtf\u00fchrungen","isPartOf":{"@id":"https:\/\/echt-koeln.de\/pl\/#website"},"primaryImageOfPage":{"@id":"https:\/\/echt-koeln.de\/pl\/impressum\/#primaryimage"},"image":{"@id":"https:\/\/echt-koeln.de\/pl\/impressum\/#primaryimage"},"thumbnailUrl":"https:\/\/echt-koeln.de\/wp-content\/uploads\/2020\/09\/shutterstock_193255334_william-peruginiweb.jpg","datePublished":"2020-09-29T08:58:07+00:00","dateModified":"2025-12-10T13:01:45+00:00","description":"Echt K\u00f6ln oferuje atrakcyjne wycieczki po mie\u015bcie i zwiedzanie Kolonii z przewodnikiem","breadcrumb":{"@id":"https:\/\/echt-koeln.de\/pl\/impressum\/#breadcrumb"},"inLanguage":"pl-PL","potentialAction":[{"@type":"ReadAction","target":["https:\/\/echt-koeln.de\/pl\/impressum\/"]}]},{"@type":"ImageObject","inLanguage":"pl-PL","@id":"https:\/\/echt-koeln.de\/pl\/impressum\/#primaryimage","url":"https:\/\/echt-koeln.de\/wp-content\/uploads\/2020\/09\/shutterstock_193255334_william-peruginiweb.jpg","contentUrl":"https:\/\/echt-koeln.de\/wp-content\/uploads\/2020\/09\/shutterstock_193255334_william-peruginiweb.jpg","width":1222,"height":815},{"@type":"BreadcrumbList","@id":"https:\/\/echt-koeln.de\/pl\/impressum\/#breadcrumb","itemListElement":[{"@type":"ListItem","position":1,"name":"Startseite","item":"https:\/\/echt-koeln.de\/pl\/"},{"@type":"ListItem","position":2,"name":"Impressum"}]},{"@type":"WebSite","@id":"https:\/\/echt-koeln.de\/pl\/#website","url":"https:\/\/echt-koeln.de\/pl\/","name":"echt K\u00f6ln","description":"Begegnungen mit einer ganz besonderen Stadt","publisher":{"@id":"https:\/\/echt-koeln.de\/pl\/#\/schema\/person\/fafc759c78f6aa21c8fe344f16d37d07"},"potentialAction":[{"@type":"SearchAction","target":{"@type":"EntryPoint","urlTemplate":"https:\/\/echt-koeln.de\/pl\/?s={search_term_string}"},"query-input":{"@type":"PropertyValueSpecification","valueRequired":true,"valueName":"search_term_string"}}],"inLanguage":"pl-PL"},{"@type":["Person","Organization"],"@id":"https:\/\/echt-koeln.de\/pl\/#\/schema\/person\/fafc759c78f6aa21c8fe344f16d37d07","name":"Markus Zens","image":{"@type":"ImageObject","inLanguage":"pl-PL","@id":"https:\/\/echt-koeln.de\/wp-content\/uploads\/2020\/09\/cropped-echt_koeln_logo_klein.jpg","url":"https:\/\/echt-koeln.de\/wp-content\/uploads\/2020\/09\/cropped-echt_koeln_logo_klein.jpg","contentUrl":"https:\/\/echt-koeln.de\/wp-content\/uploads\/2020\/09\/cropped-echt_koeln_logo_klein.jpg","width":2000,"height":400,"caption":"Markus Zens"},"logo":{"@id":"https:\/\/echt-koeln.de\/wp-content\/uploads\/2020\/09\/cropped-echt_koeln_logo_klein.jpg"}}]}},"_links":{"self":[{"href":"https:\/\/echt-koeln.de\/pl\/wp-json\/wp\/v2\/pages\/24550","targetHints":{"allow":["GET"]}}],"collection":[{"href":"https:\/\/echt-koeln.de\/pl\/wp-json\/wp\/v2\/pages"}],"about":[{"href":"https:\/\/echt-koeln.de\/pl\/wp-json\/wp\/v2\/types\/page"}],"author":[{"embeddable":true,"href":"https:\/\/echt-koeln.de\/pl\/wp-json\/wp\/v2\/users\/1"}],"replies":[{"embeddable":true,"href":"https:\/\/echt-koeln.de\/pl\/wp-json\/wp\/v2\/comments?post=24550"}],"version-history":[{"count":2,"href":"https:\/\/echt-koeln.de\/pl\/wp-json\/wp\/v2\/pages\/24550\/revisions"}],"predecessor-version":[{"id":25090,"href":"https:\/\/echt-koeln.de\/pl\/wp-json\/wp\/v2\/pages\/24550\/revisions\/25090"}],"wp:featuredmedia":[{"embeddable":true,"href":"https:\/\/echt-koeln.de\/pl\/wp-json\/wp\/v2\/media\/21612"}],"wp:attachment":[{"href":"https:\/\/echt-koeln.de\/pl\/wp-json\/wp\/v2\/media?parent=24550"}],"curies":[{"name":"wp","href":"https:\/\/api.w.org\/{rel}","templated":true}]}}