{"id":24458,"date":"2024-08-29T08:35:19","date_gmt":"2024-08-29T06:35:19","guid":{"rendered":"https:\/\/echt-koeln.de\/wycieczki-w-jezyku-obcym\/"},"modified":"2025-11-17T15:22:26","modified_gmt":"2025-11-17T14:22:26","slug":"wycieczki-w-jezyku-obcym","status":"publish","type":"page","link":"https:\/\/echt-koeln.de\/pl\/wycieczki\/wycieczki-w-jezyku-obcym\/","title":{"rendered":"Wycieczki w j\u0119zyku obcym"},"content":{"rendered":"<div class=\"gb-container gb-container-9e8ac7b7\"><div class=\"gb-inside-container\">\n\n<p class=\"gb-headline gb-headline-135ea3a6 gb-headline-text\">Nasze wycieczki j\u0119zykowe sprawiaj\u0105, \u017ce Kolonia jest do\u015bwiadczeniem dla go\u015bci mi\u0119dzynarodowych. Niezale\u017cnie od tego, czy m\u00f3wimy po angielsku, francusku, hiszpa\u0144sku czy w innym j\u0119zyku \u2013 prowadzimy Ci\u0119 po mie\u015bcie, opowiadamy najbardziej ekscytuj\u0105ce historie i przekazujemy histori\u0119, kultur\u0119 oraz wyj\u0105tkowe cechy Kolonii w \u017cywy i rozrywkowy spos\u00f3b.<br>Wycieczki s\u0105 idealne dla indywidualnych go\u015bci lub grup, kt\u00f3re chc\u0105 pozna\u0107 Koloni\u0119 w swoim w\u0142asnym j\u0119zyku. Informacyjne, swobodne i ekscytuj\u0105ce \u2013 tak ka\u017cda wycieczka po mie\u015bcie staje si\u0119 wyj\u0105tkowym do\u015bwiadczeniem.<br>Nasze wycieczki j\u0119zykowe mo\u017cna znale\u017a\u0107 w kalendarzu publicznym, ale s\u0105 te\u017c idealne dla grup prywatnych. Porozmawiaj z nami.   <\/p>\n\n\n<div  class=\"ultp-post-grid-block wp-block-ultimate-post-post-grid-1 ultp-block-674130\"><div class=\"ultp-block-wrapper\"><div class=\"ultp-loading\"><div class=\"ultp-loading-blocks\" style=\"width:100%;height:100%;\"><div style=\"left: 0;top: 0;animation-delay:0s;\"><\/div><div style=\"left: 21px;top: 0;animation-delay:0.125s;\"><\/div><div style=\"left: 42px;top: 0;animation-delay:0.25s;\"><\/div><div style=\"left: 0;top: 21px;animation-delay:0.875s;\"><\/div><div style=\"left: 42px;top: 21px;animation-delay:0.375s;\"><\/div><div style=\"left: 0;top: 42px;animation-delay:0.75s;\"><\/div><div style=\"left: 42px;top: 42px;animation-delay:0.625s;\"><\/div><div style=\"left: 21px;top: 42px;animation-delay:0.5s;\"><\/div><\/div><\/div><div class=\"ultp-block-items-wrap ultp-block-row ultp-pg1a-style1 ultp-grid1-responsive ultp-block-column-3 1 1 ultp-layout1\"><div class=\"ultp-block-item post-id-25034\"><div class=\"ultp-block-content-wrap\"><div class=\"ultp-block-image ultp-block-image-zoomIn\"><a href=\"https:\/\/echt-koeln.de\/pl\/touren\/to-co-najlepsze-z-kolonii\/\" ><img decoding=\"async\"  class=\"ultp-block-image-content\"  alt=\"To, co najlepsze z Kolonii\"  src=\"https:\/\/echt-koeln.de\/wp-content\/uploads\/2021\/05\/img-4819-3-800x600.jpg\" \/><\/a><\/div><div class=\"ultp-block-content\"><h3 class=\"ultp-block-title \"><a href=\"https:\/\/echt-koeln.de\/pl\/touren\/to-co-najlepsze-z-kolonii\/\" >To, co najlepsze z Kolonii<\/a><\/h3><div class=\"ultp-block-excerpt\"><p>Wycieczka z przewodnikiem po Kolonii po najwa\u017cniejszych atrakcjach miasta Kolonia&hellip;<\/p>\n<\/div><div class=\"ultp-block-readmore\"><a aria-label=\"To, co najlepsze z Kolonii\" href=\"https:\/\/echt-koeln.de\/pl\/touren\/to-co-najlepsze-z-kolonii\/\" >mehr erfahren<\/a><\/div><\/div><\/div><\/div><div class=\"ultp-block-item post-id-25082\"><div class=\"ultp-block-content-wrap\"><div class=\"ultp-block-image ultp-block-image-zoomIn\"><a href=\"https:\/\/echt-koeln.de\/pl\/touren\/wycieczka-z-przewodnikiem-po-starym-miescie-w-kolonii-z-wizyta-w-browarze\/\" ><img decoding=\"async\"  class=\"ultp-block-image-content\"  alt=\"Wycieczka z przewodnikiem po starym mie\u015bcie w Kolonii z wizyt\u0105 w browarze\"  src=\"https:\/\/echt-koeln.de\/wp-content\/uploads\/2022\/01\/img-5217-800x600.jpg\" \/><\/a><\/div><div class=\"ultp-block-content\"><h3 class=\"ultp-block-title \"><a href=\"https:\/\/echt-koeln.de\/pl\/touren\/wycieczka-z-przewodnikiem-po-starym-miescie-w-kolonii-z-wizyta-w-browarze\/\" >Wycieczka z przewodnikiem po starym mie\u015bcie w Kolonii z wizyt\u0105 w browarze<\/a><\/h3><div class=\"ultp-block-excerpt\"><p>Wycieczka po Starym Mie\u015bcie Kolonii: historia, browary i tradycje kolonia\u0144skie&hellip;<\/p>\n<\/div><div class=\"ultp-block-readmore\"><a aria-label=\"Wycieczka z przewodnikiem po starym mie\u015bcie w Kolonii z wizyt\u0105 w browarze\" href=\"https:\/\/echt-koeln.de\/pl\/touren\/wycieczka-z-przewodnikiem-po-starym-miescie-w-kolonii-z-wizyta-w-browarze\/\" >mehr erfahren<\/a><\/div><\/div><\/div><\/div><div class=\"ultp-block-item post-id-25040\"><div class=\"ultp-block-content-wrap\"><div class=\"ultp-block-image ultp-block-image-zoomIn\"><a href=\"https:\/\/echt-koeln.de\/pl\/touren\/wycieczka-z-przewodnikiem-sztuki-ulicznej-ehrenfeld\/\" ><img decoding=\"async\"  class=\"ultp-block-image-content\"  alt=\"Wycieczka z przewodnikiem sztuki ulicznej Ehrenfeld\"  src=\"https:\/\/echt-koeln.de\/wp-content\/uploads\/2022\/05\/img-5937-800x600.jpg\" \/><\/a><\/div><div class=\"ultp-block-content\"><h3 class=\"ultp-block-title \"><a href=\"https:\/\/echt-koeln.de\/pl\/touren\/wycieczka-z-przewodnikiem-sztuki-ulicznej-ehrenfeld\/\" >Wycieczka z przewodnikiem sztuki ulicznej Ehrenfeld<\/a><\/h3><div class=\"ultp-block-excerpt\"><p>Ehrenfeld: Od wioski do raju sztuki ulicznej 200 lat temu&hellip;<\/p>\n<\/div><div class=\"ultp-block-readmore\"><a aria-label=\"Wycieczka z przewodnikiem sztuki ulicznej Ehrenfeld\" href=\"https:\/\/echt-koeln.de\/pl\/touren\/wycieczka-z-przewodnikiem-sztuki-ulicznej-ehrenfeld\/\" >mehr erfahren<\/a><\/div><\/div><\/div><\/div><div class=\"ultp-block-item post-id-25044\"><div class=\"ultp-block-content-wrap\"><div class=\"ultp-block-image ultp-block-image-zoomIn\"><a href=\"https:\/\/echt-koeln.de\/pl\/touren\/melaten-gdzie-kolonia-zyje-na-zawsze\/\" ><img decoding=\"async\"  class=\"ultp-block-image-content\"  alt=\"Melaten \u2013 Gdzie Kolonia \u017cyje na zawsze\"  src=\"https:\/\/echt-koeln.de\/wp-content\/uploads\/2021\/06\/img-8821-800x600.jpg\" \/><\/a><\/div><div class=\"ultp-block-content\"><h3 class=\"ultp-block-title \"><a href=\"https:\/\/echt-koeln.de\/pl\/touren\/melaten-gdzie-kolonia-zyje-na-zawsze\/\" >Melaten \u2013 Gdzie Kolonia \u017cyje na zawsze<\/a><\/h3><div class=\"ultp-block-excerpt\"><p>Wycieczka z przewodnikiem po Melaten i jego najpi\u0119kniejszych miejscach Melaten&hellip;<\/p>\n<\/div><div class=\"ultp-block-readmore\"><a aria-label=\"Melaten \u2013 Gdzie Kolonia \u017cyje na zawsze\" href=\"https:\/\/echt-koeln.de\/pl\/touren\/melaten-gdzie-kolonia-zyje-na-zawsze\/\" >mehr erfahren<\/a><\/div><\/div><\/div><\/div><div class=\"ultp-block-item post-id-25055\"><div class=\"ultp-block-content-wrap\"><div class=\"ultp-block-image ultp-block-image-zoomIn\"><a href=\"https:\/\/echt-koeln.de\/pl\/touren\/wycieczka-z-przewodnikiem-po-kolonii-dla-uczniow\/\" ><img decoding=\"async\"  class=\"ultp-block-image-content\"  alt=\"Wycieczka z przewodnikiem po Kolonii dla uczni\u00f3w\"  src=\"https:\/\/echt-koeln.de\/wp-content\/uploads\/2023\/02\/img-5918-800x600.jpg\" \/><\/a><\/div><div class=\"ultp-block-content\"><h3 class=\"ultp-block-title \"><a href=\"https:\/\/echt-koeln.de\/pl\/touren\/wycieczka-z-przewodnikiem-po-kolonii-dla-uczniow\/\" >Wycieczka z przewodnikiem po Kolonii dla uczni\u00f3w<\/a><\/h3><div class=\"ultp-block-excerpt\"><p>Co jest takiego w Heinzelm\u00e4nnchen?Dlaczego Kolonia by\u0142a kiedy\u015b miastem hanzeatyckim?Jak&hellip;<\/p>\n<\/div><div class=\"ultp-block-readmore\"><a aria-label=\"Wycieczka z przewodnikiem po Kolonii dla uczni\u00f3w\" href=\"https:\/\/echt-koeln.de\/pl\/touren\/wycieczka-z-przewodnikiem-po-kolonii-dla-uczniow\/\" >mehr erfahren<\/a><\/div><\/div><\/div><\/div><div class=\"ultp-block-item post-id-25052\"><div class=\"ultp-block-content-wrap\"><div class=\"ultp-block-image ultp-block-image-zoomIn\"><a href=\"https:\/\/echt-koeln.de\/pl\/touren\/najlepsze-z-kolonii\/\" ><img decoding=\"async\"  class=\"ultp-block-image-content\"  alt=\"Najlepsze z Kolonii\"  src=\"https:\/\/echt-koeln.de\/wp-content\/uploads\/2020\/09\/rheinpanorama-800x600.jpg\" \/><\/a><\/div><div class=\"ultp-block-content\"><h3 class=\"ultp-block-title \"><a href=\"https:\/\/echt-koeln.de\/pl\/touren\/najlepsze-z-kolonii\/\" >Najlepsze z Kolonii<\/a><\/h3><div class=\"ultp-block-excerpt\"><p>Kolonia to nie tylko katedra, Kolonia to tak\u017ce stare miasto,&hellip;<\/p>\n<\/div><div class=\"ultp-block-readmore\"><a aria-label=\"Najlepsze z Kolonii\" href=\"https:\/\/echt-koeln.de\/pl\/touren\/najlepsze-z-kolonii\/\" >mehr erfahren<\/a><\/div><\/div><\/div><\/div><\/div><\/div><div class=\"pagination-block-html\" aria-hidden=\"true\" style=\"display: none;\"><\/div><\/div>\n<\/div><\/div>","protected":false},"excerpt":{"rendered":"<p>Nasze wycieczki j\u0119zykowe sprawiaj\u0105, \u017ce Kolonia jest do\u015bwiadczeniem dla go\u015bci mi\u0119dzynarodowych. Niezale\u017cnie od tego, czy m\u00f3wimy po angielsku, francusku, hiszpa\u0144sku czy w innym j\u0119zyku \u2013 prowadzimy Ci\u0119 po mie\u015bcie, opowiadamy najbardziej ekscytuj\u0105ce historie i przekazujemy histori\u0119, kultur\u0119 oraz wyj\u0105tkowe cechy Kolonii w \u017cywy i rozrywkowy spos\u00f3b.Wycieczki s\u0105 idealne dla indywidualnych go\u015bci lub grup, kt\u00f3re chc\u0105 &#8230; <a title=\"Wycieczki w j\u0119zyku obcym\" class=\"read-more\" href=\"https:\/\/echt-koeln.de\/pl\/wycieczki\/wycieczki-w-jezyku-obcym\/\" aria-label=\"Dowiedz si\u0119 wi\u0119cej o Wycieczki w j\u0119zyku obcym\">Czytaj dalej<\/a><\/p>\n","protected":false},"author":9,"featured_media":0,"parent":24923,"menu_order":33,"comment_status":"closed","ping_status":"closed","template":"","meta":{"footnotes":""},"class_list":["post-24458","page","type-page","status-publish"],"yoast_head":"<!-- This site is optimized with the Yoast SEO plugin v27.4 - https:\/\/yoast.com\/product\/yoast-seo-wordpress\/ -->\n<title>Wycieczki w j\u0119zyku obcym - echt K\u00f6ln Stadtf\u00fchrungen<\/title>\n<meta name=\"robots\" content=\"index, follow, max-snippet:-1, max-image-preview:large, max-video-preview:-1\" \/>\n<link rel=\"canonical\" href=\"https:\/\/echt-koeln.de\/pl\/wycieczki\/wycieczki-w-jezyku-obcym\/\" \/>\n<meta property=\"og:locale\" content=\"pl_PL\" \/>\n<meta property=\"og:type\" content=\"article\" \/>\n<meta property=\"og:title\" content=\"Wycieczki w j\u0119zyku obcym - echt K\u00f6ln Stadtf\u00fchrungen\" \/>\n<meta property=\"og:description\" content=\"Nasze wycieczki j\u0119zykowe sprawiaj\u0105, \u017ce Kolonia jest do\u015bwiadczeniem dla go\u015bci mi\u0119dzynarodowych. Niezale\u017cnie od tego, czy m\u00f3wimy po angielsku, francusku, hiszpa\u0144sku czy w innym j\u0119zyku \u2013 prowadzimy Ci\u0119 po mie\u015bcie, opowiadamy najbardziej ekscytuj\u0105ce historie i przekazujemy histori\u0119, kultur\u0119 oraz wyj\u0105tkowe cechy Kolonii w \u017cywy i rozrywkowy spos\u00f3b.Wycieczki s\u0105 idealne dla indywidualnych go\u015bci lub grup, kt\u00f3re chc\u0105 ... Czytaj dalej\" \/>\n<meta property=\"og:url\" content=\"https:\/\/echt-koeln.de\/pl\/wycieczki\/wycieczki-w-jezyku-obcym\/\" \/>\n<meta property=\"og:site_name\" content=\"echt K\u00f6ln Stadtf\u00fchrungen\" \/>\n<meta property=\"article:modified_time\" content=\"2025-11-17T14:22:26+00:00\" \/>\n<meta name=\"twitter:card\" content=\"summary_large_image\" \/>\n<meta name=\"twitter:label1\" content=\"Szacowany czas czytania\" \/>\n\t<meta name=\"twitter:data1\" content=\"1 minuta\" \/>\n<script type=\"application\/ld+json\" class=\"yoast-schema-graph\">{\"@context\":\"https:\\\/\\\/schema.org\",\"@graph\":[{\"@type\":\"WebPage\",\"@id\":\"https:\\\/\\\/echt-koeln.de\\\/pl\\\/wycieczki\\\/wycieczki-w-jezyku-obcym\\\/\",\"url\":\"https:\\\/\\\/echt-koeln.de\\\/pl\\\/wycieczki\\\/wycieczki-w-jezyku-obcym\\\/\",\"name\":\"Wycieczki w j\u0119zyku obcym - echt K\u00f6ln Stadtf\u00fchrungen\",\"isPartOf\":{\"@id\":\"https:\\\/\\\/echt-koeln.de\\\/pl\\\/#website\"},\"datePublished\":\"2024-08-29T06:35:19+00:00\",\"dateModified\":\"2025-11-17T14:22:26+00:00\",\"breadcrumb\":{\"@id\":\"https:\\\/\\\/echt-koeln.de\\\/pl\\\/wycieczki\\\/wycieczki-w-jezyku-obcym\\\/#breadcrumb\"},\"inLanguage\":\"pl-PL\",\"potentialAction\":[{\"@type\":\"ReadAction\",\"target\":[\"https:\\\/\\\/echt-koeln.de\\\/pl\\\/wycieczki\\\/wycieczki-w-jezyku-obcym\\\/\"]}]},{\"@type\":\"BreadcrumbList\",\"@id\":\"https:\\\/\\\/echt-koeln.de\\\/pl\\\/wycieczki\\\/wycieczki-w-jezyku-obcym\\\/#breadcrumb\",\"itemListElement\":[{\"@type\":\"ListItem\",\"position\":1,\"name\":\"Startseite\",\"item\":\"https:\\\/\\\/echt-koeln.de\\\/pl\\\/\"},{\"@type\":\"ListItem\",\"position\":2,\"name\":\"Wycieczki\",\"item\":\"https:\\\/\\\/echt-koeln.de\\\/pl\\\/wycieczki\\\/\"},{\"@type\":\"ListItem\",\"position\":3,\"name\":\"Wycieczki w j\u0119zyku obcym\"}]},{\"@type\":\"WebSite\",\"@id\":\"https:\\\/\\\/echt-koeln.de\\\/pl\\\/#website\",\"url\":\"https:\\\/\\\/echt-koeln.de\\\/pl\\\/\",\"name\":\"echt K\u00f6ln\",\"description\":\"Begegnungen mit einer ganz besonderen Stadt\",\"publisher\":{\"@id\":\"https:\\\/\\\/echt-koeln.de\\\/pl\\\/#\\\/schema\\\/person\\\/fafc759c78f6aa21c8fe344f16d37d07\"},\"potentialAction\":[{\"@type\":\"SearchAction\",\"target\":{\"@type\":\"EntryPoint\",\"urlTemplate\":\"https:\\\/\\\/echt-koeln.de\\\/pl\\\/?s={search_term_string}\"},\"query-input\":{\"@type\":\"PropertyValueSpecification\",\"valueRequired\":true,\"valueName\":\"search_term_string\"}}],\"inLanguage\":\"pl-PL\"},{\"@type\":[\"Person\",\"Organization\"],\"@id\":\"https:\\\/\\\/echt-koeln.de\\\/pl\\\/#\\\/schema\\\/person\\\/fafc759c78f6aa21c8fe344f16d37d07\",\"name\":\"Markus Zens\",\"image\":{\"@type\":\"ImageObject\",\"inLanguage\":\"pl-PL\",\"@id\":\"https:\\\/\\\/echt-koeln.de\\\/wp-content\\\/uploads\\\/2020\\\/09\\\/cropped-echt_koeln_logo_klein.jpg\",\"url\":\"https:\\\/\\\/echt-koeln.de\\\/wp-content\\\/uploads\\\/2020\\\/09\\\/cropped-echt_koeln_logo_klein.jpg\",\"contentUrl\":\"https:\\\/\\\/echt-koeln.de\\\/wp-content\\\/uploads\\\/2020\\\/09\\\/cropped-echt_koeln_logo_klein.jpg\",\"width\":2000,\"height\":400,\"caption\":\"Markus Zens\"},\"logo\":{\"@id\":\"https:\\\/\\\/echt-koeln.de\\\/wp-content\\\/uploads\\\/2020\\\/09\\\/cropped-echt_koeln_logo_klein.jpg\"}}]}<\/script>\n<!-- \/ Yoast SEO plugin. -->","yoast_head_json":{"title":"Wycieczki w j\u0119zyku obcym - echt K\u00f6ln Stadtf\u00fchrungen","robots":{"index":"index","follow":"follow","max-snippet":"max-snippet:-1","max-image-preview":"max-image-preview:large","max-video-preview":"max-video-preview:-1"},"canonical":"https:\/\/echt-koeln.de\/pl\/wycieczki\/wycieczki-w-jezyku-obcym\/","og_locale":"pl_PL","og_type":"article","og_title":"Wycieczki w j\u0119zyku obcym - echt K\u00f6ln Stadtf\u00fchrungen","og_description":"Nasze wycieczki j\u0119zykowe sprawiaj\u0105, \u017ce Kolonia jest do\u015bwiadczeniem dla go\u015bci mi\u0119dzynarodowych. Niezale\u017cnie od tego, czy m\u00f3wimy po angielsku, francusku, hiszpa\u0144sku czy w innym j\u0119zyku \u2013 prowadzimy Ci\u0119 po mie\u015bcie, opowiadamy najbardziej ekscytuj\u0105ce historie i przekazujemy histori\u0119, kultur\u0119 oraz wyj\u0105tkowe cechy Kolonii w \u017cywy i rozrywkowy spos\u00f3b.Wycieczki s\u0105 idealne dla indywidualnych go\u015bci lub grup, kt\u00f3re chc\u0105 ... Czytaj dalej","og_url":"https:\/\/echt-koeln.de\/pl\/wycieczki\/wycieczki-w-jezyku-obcym\/","og_site_name":"echt K\u00f6ln Stadtf\u00fchrungen","article_modified_time":"2025-11-17T14:22:26+00:00","twitter_card":"summary_large_image","twitter_misc":{"Szacowany czas czytania":"1 minuta"},"schema":{"@context":"https:\/\/schema.org","@graph":[{"@type":"WebPage","@id":"https:\/\/echt-koeln.de\/pl\/wycieczki\/wycieczki-w-jezyku-obcym\/","url":"https:\/\/echt-koeln.de\/pl\/wycieczki\/wycieczki-w-jezyku-obcym\/","name":"Wycieczki w j\u0119zyku obcym - echt K\u00f6ln Stadtf\u00fchrungen","isPartOf":{"@id":"https:\/\/echt-koeln.de\/pl\/#website"},"datePublished":"2024-08-29T06:35:19+00:00","dateModified":"2025-11-17T14:22:26+00:00","breadcrumb":{"@id":"https:\/\/echt-koeln.de\/pl\/wycieczki\/wycieczki-w-jezyku-obcym\/#breadcrumb"},"inLanguage":"pl-PL","potentialAction":[{"@type":"ReadAction","target":["https:\/\/echt-koeln.de\/pl\/wycieczki\/wycieczki-w-jezyku-obcym\/"]}]},{"@type":"BreadcrumbList","@id":"https:\/\/echt-koeln.de\/pl\/wycieczki\/wycieczki-w-jezyku-obcym\/#breadcrumb","itemListElement":[{"@type":"ListItem","position":1,"name":"Startseite","item":"https:\/\/echt-koeln.de\/pl\/"},{"@type":"ListItem","position":2,"name":"Wycieczki","item":"https:\/\/echt-koeln.de\/pl\/wycieczki\/"},{"@type":"ListItem","position":3,"name":"Wycieczki w j\u0119zyku obcym"}]},{"@type":"WebSite","@id":"https:\/\/echt-koeln.de\/pl\/#website","url":"https:\/\/echt-koeln.de\/pl\/","name":"echt K\u00f6ln","description":"Begegnungen mit einer ganz besonderen Stadt","publisher":{"@id":"https:\/\/echt-koeln.de\/pl\/#\/schema\/person\/fafc759c78f6aa21c8fe344f16d37d07"},"potentialAction":[{"@type":"SearchAction","target":{"@type":"EntryPoint","urlTemplate":"https:\/\/echt-koeln.de\/pl\/?s={search_term_string}"},"query-input":{"@type":"PropertyValueSpecification","valueRequired":true,"valueName":"search_term_string"}}],"inLanguage":"pl-PL"},{"@type":["Person","Organization"],"@id":"https:\/\/echt-koeln.de\/pl\/#\/schema\/person\/fafc759c78f6aa21c8fe344f16d37d07","name":"Markus Zens","image":{"@type":"ImageObject","inLanguage":"pl-PL","@id":"https:\/\/echt-koeln.de\/wp-content\/uploads\/2020\/09\/cropped-echt_koeln_logo_klein.jpg","url":"https:\/\/echt-koeln.de\/wp-content\/uploads\/2020\/09\/cropped-echt_koeln_logo_klein.jpg","contentUrl":"https:\/\/echt-koeln.de\/wp-content\/uploads\/2020\/09\/cropped-echt_koeln_logo_klein.jpg","width":2000,"height":400,"caption":"Markus Zens"},"logo":{"@id":"https:\/\/echt-koeln.de\/wp-content\/uploads\/2020\/09\/cropped-echt_koeln_logo_klein.jpg"}}]}},"_links":{"self":[{"href":"https:\/\/echt-koeln.de\/pl\/wp-json\/wp\/v2\/pages\/24458","targetHints":{"allow":["GET"]}}],"collection":[{"href":"https:\/\/echt-koeln.de\/pl\/wp-json\/wp\/v2\/pages"}],"about":[{"href":"https:\/\/echt-koeln.de\/pl\/wp-json\/wp\/v2\/types\/page"}],"author":[{"embeddable":true,"href":"https:\/\/echt-koeln.de\/pl\/wp-json\/wp\/v2\/users\/9"}],"replies":[{"embeddable":true,"href":"https:\/\/echt-koeln.de\/pl\/wp-json\/wp\/v2\/comments?post=24458"}],"version-history":[{"count":2,"href":"https:\/\/echt-koeln.de\/pl\/wp-json\/wp\/v2\/pages\/24458\/revisions"}],"predecessor-version":[{"id":24833,"href":"https:\/\/echt-koeln.de\/pl\/wp-json\/wp\/v2\/pages\/24458\/revisions\/24833"}],"up":[{"embeddable":true,"href":"https:\/\/echt-koeln.de\/pl\/wp-json\/wp\/v2\/pages\/24923"}],"wp:attachment":[{"href":"https:\/\/echt-koeln.de\/pl\/wp-json\/wp\/v2\/media?parent=24458"}],"curies":[{"name":"wp","href":"https:\/\/api.w.org\/{rel}","templated":true}]}}