{"id":24358,"date":"2025-08-13T17:16:14","date_gmt":"2025-08-13T15:16:14","guid":{"rendered":"https:\/\/echt-koeln.de\/nasza-zroznicowana-oferta-wycieczek-po-kolonii\/"},"modified":"2025-11-17T15:21:01","modified_gmt":"2025-11-17T14:21:01","slug":"nasza-zroznicowana-oferta-wycieczek-po-kolonii","status":"publish","type":"page","link":"https:\/\/echt-koeln.de\/pl\/nasza-zroznicowana-oferta-wycieczek-po-kolonii\/","title":{"rendered":"Wycieczki z przewodnikiem po Kolonii"},"content":{"rendered":"<div class=\"gb-container gb-container-9e8ac7b7\"><div class=\"gb-inside-container\">\n\n<p class=\"gb-headline gb-headline-135ea3a6 gb-headline-text\">Wycieczki po mie\u015bcie w Kolonii otwieraj\u0105 drzwi do miasta pe\u0142nego historii, opowie\u015bci i \u017cywej kultury. Niezale\u017cnie od tego, czy to stare miasto, Severinsviertel czy Kunibertsviertel \u2013 poka\u017cemy Ci wyj\u0105tkowe miejsca, opowiemy ekscytuj\u0105ce anegdoty i zabierzemy Ci\u0119 w podr\u00f3\u017c pe\u0142n\u0105 odkry\u0107 po Kolonii.<br>Podczas naszych wycieczek po mie\u015bcie poznasz miasto z bliska, poznasz ciekawe fakty o przesz\u0142o\u015bci i tera\u017aniejszo\u015bci oraz odkryjesz drobne szczeg\u00f3\u0142y, kt\u00f3re czyni\u0105 Koloni\u0119 tak wyj\u0105tkow\u0105. Zabawne, pe\u0142ne niespodzianek \u2013 tak w\u0142a\u015bnie pokazujemy Wam Koloni\u0119!  <br>Nasze wycieczki po miastach s\u0105 dost\u0119pne w og\u00f3lnym kalendarzu, ale oczywi\u015bcie s\u0105 te\u017c \u015bwietne dla grup. Porozmawiaj z nami. <\/p>\n\n\n<div  class=\"ultp-post-grid-block wp-block-ultimate-post-post-grid-1 ultp-block-b0545d\"><div class=\"ultp-block-wrapper\"><div class=\"ultp-loading\"><div class=\"ultp-loading-blocks\" style=\"width:100%;height:100%;\"><div style=\"left: 0;top: 0;animation-delay:0s;\"><\/div><div style=\"left: 21px;top: 0;animation-delay:0.125s;\"><\/div><div style=\"left: 42px;top: 0;animation-delay:0.25s;\"><\/div><div style=\"left: 0;top: 21px;animation-delay:0.875s;\"><\/div><div style=\"left: 42px;top: 21px;animation-delay:0.375s;\"><\/div><div style=\"left: 0;top: 42px;animation-delay:0.75s;\"><\/div><div style=\"left: 42px;top: 42px;animation-delay:0.625s;\"><\/div><div style=\"left: 21px;top: 42px;animation-delay:0.5s;\"><\/div><\/div><\/div><div class=\"ultp-block-items-wrap ultp-block-row ultp-pg1a-style1 ultp-grid1-responsive ultp-block-column-3 1 1 ultp-layout1\"><div class=\"ultp-block-item post-id-25034\"><div class=\"ultp-block-content-wrap\"><div class=\"ultp-block-image ultp-block-image-zoomIn\"><a href=\"https:\/\/echt-koeln.de\/pl\/touren\/to-co-najlepsze-z-kolonii\/\" ><img decoding=\"async\"  class=\"ultp-block-image-content\"  alt=\"To, co najlepsze z Kolonii\"  src=\"https:\/\/echt-koeln.de\/wp-content\/uploads\/2021\/05\/img-4819-3-800x600.jpg\" \/><\/a><\/div><div class=\"ultp-block-content\"><h3 class=\"ultp-block-title \"><a href=\"https:\/\/echt-koeln.de\/pl\/touren\/to-co-najlepsze-z-kolonii\/\" >To, co najlepsze z Kolonii<\/a><\/h3><div class=\"ultp-block-excerpt\"><p>Wycieczka z przewodnikiem po Kolonii po najwa\u017cniejszych atrakcjach miasta Kolonia&hellip;<\/p>\n<\/div><div class=\"ultp-block-readmore\"><a aria-label=\"To, co najlepsze z Kolonii\" href=\"https:\/\/echt-koeln.de\/pl\/touren\/to-co-najlepsze-z-kolonii\/\" >mehr erfahren<\/a><\/div><\/div><\/div><\/div><div class=\"ultp-block-item post-id-25082\"><div class=\"ultp-block-content-wrap\"><div class=\"ultp-block-image ultp-block-image-zoomIn\"><a href=\"https:\/\/echt-koeln.de\/pl\/touren\/wycieczka-z-przewodnikiem-po-starym-miescie-w-kolonii-z-wizyta-w-browarze\/\" ><img decoding=\"async\"  class=\"ultp-block-image-content\"  alt=\"Wycieczka z przewodnikiem po starym mie\u015bcie w Kolonii z wizyt\u0105 w browarze\"  src=\"https:\/\/echt-koeln.de\/wp-content\/uploads\/2022\/01\/img-5217-800x600.jpg\" \/><\/a><\/div><div class=\"ultp-block-content\"><h3 class=\"ultp-block-title \"><a href=\"https:\/\/echt-koeln.de\/pl\/touren\/wycieczka-z-przewodnikiem-po-starym-miescie-w-kolonii-z-wizyta-w-browarze\/\" >Wycieczka z przewodnikiem po starym mie\u015bcie w Kolonii z wizyt\u0105 w browarze<\/a><\/h3><div class=\"ultp-block-excerpt\"><p>Wycieczka po Starym Mie\u015bcie Kolonii: historia, browary i tradycje kolonia\u0144skie&hellip;<\/p>\n<\/div><div class=\"ultp-block-readmore\"><a aria-label=\"Wycieczka z przewodnikiem po starym mie\u015bcie w Kolonii z wizyt\u0105 w browarze\" href=\"https:\/\/echt-koeln.de\/pl\/touren\/wycieczka-z-przewodnikiem-po-starym-miescie-w-kolonii-z-wizyta-w-browarze\/\" >mehr erfahren<\/a><\/div><\/div><\/div><\/div><div class=\"ultp-block-item post-id-25040\"><div class=\"ultp-block-content-wrap\"><div class=\"ultp-block-image ultp-block-image-zoomIn\"><a href=\"https:\/\/echt-koeln.de\/pl\/touren\/wycieczka-z-przewodnikiem-sztuki-ulicznej-ehrenfeld\/\" ><img decoding=\"async\"  class=\"ultp-block-image-content\"  alt=\"Wycieczka z przewodnikiem sztuki ulicznej Ehrenfeld\"  src=\"https:\/\/echt-koeln.de\/wp-content\/uploads\/2022\/05\/img-5937-800x600.jpg\" \/><\/a><\/div><div class=\"ultp-block-content\"><h3 class=\"ultp-block-title \"><a href=\"https:\/\/echt-koeln.de\/pl\/touren\/wycieczka-z-przewodnikiem-sztuki-ulicznej-ehrenfeld\/\" >Wycieczka z przewodnikiem sztuki ulicznej Ehrenfeld<\/a><\/h3><div class=\"ultp-block-excerpt\"><p>Ehrenfeld: Od wioski do raju sztuki ulicznej 200 lat temu&hellip;<\/p>\n<\/div><div class=\"ultp-block-readmore\"><a aria-label=\"Wycieczka z przewodnikiem sztuki ulicznej Ehrenfeld\" href=\"https:\/\/echt-koeln.de\/pl\/touren\/wycieczka-z-przewodnikiem-sztuki-ulicznej-ehrenfeld\/\" >mehr erfahren<\/a><\/div><\/div><\/div><\/div><div class=\"ultp-block-item post-id-25044\"><div class=\"ultp-block-content-wrap\"><div class=\"ultp-block-image ultp-block-image-zoomIn\"><a href=\"https:\/\/echt-koeln.de\/pl\/touren\/melaten-gdzie-kolonia-zyje-na-zawsze\/\" ><img decoding=\"async\"  class=\"ultp-block-image-content\"  alt=\"Melaten \u2013 Gdzie Kolonia \u017cyje na zawsze\"  src=\"https:\/\/echt-koeln.de\/wp-content\/uploads\/2021\/06\/img-8821-800x600.jpg\" \/><\/a><\/div><div class=\"ultp-block-content\"><h3 class=\"ultp-block-title \"><a href=\"https:\/\/echt-koeln.de\/pl\/touren\/melaten-gdzie-kolonia-zyje-na-zawsze\/\" >Melaten \u2013 Gdzie Kolonia \u017cyje na zawsze<\/a><\/h3><div class=\"ultp-block-excerpt\"><p>Wycieczka z przewodnikiem po Melaten i jego najpi\u0119kniejszych miejscach Melaten&hellip;<\/p>\n<\/div><div class=\"ultp-block-readmore\"><a aria-label=\"Melaten \u2013 Gdzie Kolonia \u017cyje na zawsze\" href=\"https:\/\/echt-koeln.de\/pl\/touren\/melaten-gdzie-kolonia-zyje-na-zawsze\/\" >mehr erfahren<\/a><\/div><\/div><\/div><\/div><\/div><\/div><div class=\"pagination-block-html\" aria-hidden=\"true\" style=\"display: none;\"><\/div><\/div>\n<\/div><\/div>","protected":false},"excerpt":{"rendered":"<p>Wycieczki po mie\u015bcie w Kolonii otwieraj\u0105 drzwi do miasta pe\u0142nego historii, opowie\u015bci i \u017cywej kultury. Niezale\u017cnie od tego, czy to stare miasto, Severinsviertel czy Kunibertsviertel \u2013 poka\u017cemy Ci wyj\u0105tkowe miejsca, opowiemy ekscytuj\u0105ce anegdoty i zabierzemy Ci\u0119 w podr\u00f3\u017c pe\u0142n\u0105 odkry\u0107 po Kolonii.Podczas naszych wycieczek po mie\u015bcie poznasz miasto z bliska, poznasz ciekawe fakty o przesz\u0142o\u015bci &#8230; <a title=\"Wycieczki z przewodnikiem po Kolonii\" class=\"read-more\" href=\"https:\/\/echt-koeln.de\/pl\/nasza-zroznicowana-oferta-wycieczek-po-kolonii\/\" aria-label=\"Dowiedz si\u0119 wi\u0119cej o Wycieczki z przewodnikiem po Kolonii\">Czytaj dalej<\/a><\/p>\n","protected":false},"author":10,"featured_media":23318,"parent":0,"menu_order":9,"comment_status":"closed","ping_status":"closed","template":"","meta":{"footnotes":""},"class_list":["post-24358","page","type-page","status-publish","has-post-thumbnail"],"yoast_head":"<!-- This site is optimized with the Yoast SEO plugin v27.4 - https:\/\/yoast.com\/product\/yoast-seo-wordpress\/ -->\n<title>Wycieczki z przewodnikiem po Kolonii - echt K\u00f6ln Stadtf\u00fchrungen<\/title>\n<meta name=\"robots\" content=\"index, follow, max-snippet:-1, max-image-preview:large, max-video-preview:-1\" \/>\n<link rel=\"canonical\" href=\"https:\/\/echt-koeln.de\/pl\/nasza-zroznicowana-oferta-wycieczek-po-kolonii\/\" \/>\n<meta property=\"og:locale\" content=\"pl_PL\" \/>\n<meta property=\"og:type\" content=\"article\" \/>\n<meta property=\"og:title\" content=\"Wycieczki z przewodnikiem po Kolonii - echt K\u00f6ln Stadtf\u00fchrungen\" \/>\n<meta property=\"og:description\" content=\"Wycieczki po mie\u015bcie w Kolonii otwieraj\u0105 drzwi do miasta pe\u0142nego historii, opowie\u015bci i \u017cywej kultury. Niezale\u017cnie od tego, czy to stare miasto, Severinsviertel czy Kunibertsviertel \u2013 poka\u017cemy Ci wyj\u0105tkowe miejsca, opowiemy ekscytuj\u0105ce anegdoty i zabierzemy Ci\u0119 w podr\u00f3\u017c pe\u0142n\u0105 odkry\u0107 po Kolonii.Podczas naszych wycieczek po mie\u015bcie poznasz miasto z bliska, poznasz ciekawe fakty o przesz\u0142o\u015bci ... Czytaj dalej\" \/>\n<meta property=\"og:url\" content=\"https:\/\/echt-koeln.de\/pl\/nasza-zroznicowana-oferta-wycieczek-po-kolonii\/\" \/>\n<meta property=\"og:site_name\" content=\"echt K\u00f6ln Stadtf\u00fchrungen\" \/>\n<meta property=\"article:modified_time\" content=\"2025-11-17T14:21:01+00:00\" \/>\n<meta property=\"og:image\" content=\"https:\/\/echt-koeln.de\/wp-content\/uploads\/2024\/12\/241520710-584852786210533-2166851746657018297-n-edited.jpg\" \/>\n\t<meta property=\"og:image:width\" content=\"1536\" \/>\n\t<meta property=\"og:image:height\" content=\"1024\" \/>\n\t<meta property=\"og:image:type\" content=\"image\/jpeg\" \/>\n<meta name=\"twitter:card\" content=\"summary_large_image\" \/>\n<meta name=\"twitter:label1\" content=\"Szacowany czas czytania\" \/>\n\t<meta name=\"twitter:data1\" content=\"1 minuta\" \/>\n<script type=\"application\/ld+json\" class=\"yoast-schema-graph\">{\"@context\":\"https:\\\/\\\/schema.org\",\"@graph\":[{\"@type\":\"WebPage\",\"@id\":\"https:\\\/\\\/echt-koeln.de\\\/pl\\\/nasza-zroznicowana-oferta-wycieczek-po-kolonii\\\/\",\"url\":\"https:\\\/\\\/echt-koeln.de\\\/pl\\\/nasza-zroznicowana-oferta-wycieczek-po-kolonii\\\/\",\"name\":\"Wycieczki z przewodnikiem po Kolonii - echt K\u00f6ln Stadtf\u00fchrungen\",\"isPartOf\":{\"@id\":\"https:\\\/\\\/echt-koeln.de\\\/pl\\\/#website\"},\"primaryImageOfPage\":{\"@id\":\"https:\\\/\\\/echt-koeln.de\\\/pl\\\/nasza-zroznicowana-oferta-wycieczek-po-kolonii\\\/#primaryimage\"},\"image\":{\"@id\":\"https:\\\/\\\/echt-koeln.de\\\/pl\\\/nasza-zroznicowana-oferta-wycieczek-po-kolonii\\\/#primaryimage\"},\"thumbnailUrl\":\"https:\\\/\\\/echt-koeln.de\\\/wp-content\\\/uploads\\\/2024\\\/12\\\/241520710-584852786210533-2166851746657018297-n-edited.jpg\",\"datePublished\":\"2025-08-13T15:16:14+00:00\",\"dateModified\":\"2025-11-17T14:21:01+00:00\",\"breadcrumb\":{\"@id\":\"https:\\\/\\\/echt-koeln.de\\\/pl\\\/nasza-zroznicowana-oferta-wycieczek-po-kolonii\\\/#breadcrumb\"},\"inLanguage\":\"pl-PL\",\"potentialAction\":[{\"@type\":\"ReadAction\",\"target\":[\"https:\\\/\\\/echt-koeln.de\\\/pl\\\/nasza-zroznicowana-oferta-wycieczek-po-kolonii\\\/\"]}]},{\"@type\":\"ImageObject\",\"inLanguage\":\"pl-PL\",\"@id\":\"https:\\\/\\\/echt-koeln.de\\\/pl\\\/nasza-zroznicowana-oferta-wycieczek-po-kolonii\\\/#primaryimage\",\"url\":\"https:\\\/\\\/echt-koeln.de\\\/wp-content\\\/uploads\\\/2024\\\/12\\\/241520710-584852786210533-2166851746657018297-n-edited.jpg\",\"contentUrl\":\"https:\\\/\\\/echt-koeln.de\\\/wp-content\\\/uploads\\\/2024\\\/12\\\/241520710-584852786210533-2166851746657018297-n-edited.jpg\",\"width\":1536,\"height\":1024},{\"@type\":\"BreadcrumbList\",\"@id\":\"https:\\\/\\\/echt-koeln.de\\\/pl\\\/nasza-zroznicowana-oferta-wycieczek-po-kolonii\\\/#breadcrumb\",\"itemListElement\":[{\"@type\":\"ListItem\",\"position\":1,\"name\":\"Startseite\",\"item\":\"https:\\\/\\\/echt-koeln.de\\\/pl\\\/\"},{\"@type\":\"ListItem\",\"position\":2,\"name\":\"Wycieczki z przewodnikiem po Kolonii\"}]},{\"@type\":\"WebSite\",\"@id\":\"https:\\\/\\\/echt-koeln.de\\\/pl\\\/#website\",\"url\":\"https:\\\/\\\/echt-koeln.de\\\/pl\\\/\",\"name\":\"echt K\u00f6ln\",\"description\":\"Begegnungen mit einer ganz besonderen Stadt\",\"publisher\":{\"@id\":\"https:\\\/\\\/echt-koeln.de\\\/pl\\\/#\\\/schema\\\/person\\\/fafc759c78f6aa21c8fe344f16d37d07\"},\"potentialAction\":[{\"@type\":\"SearchAction\",\"target\":{\"@type\":\"EntryPoint\",\"urlTemplate\":\"https:\\\/\\\/echt-koeln.de\\\/pl\\\/?s={search_term_string}\"},\"query-input\":{\"@type\":\"PropertyValueSpecification\",\"valueRequired\":true,\"valueName\":\"search_term_string\"}}],\"inLanguage\":\"pl-PL\"},{\"@type\":[\"Person\",\"Organization\"],\"@id\":\"https:\\\/\\\/echt-koeln.de\\\/pl\\\/#\\\/schema\\\/person\\\/fafc759c78f6aa21c8fe344f16d37d07\",\"name\":\"Markus Zens\",\"image\":{\"@type\":\"ImageObject\",\"inLanguage\":\"pl-PL\",\"@id\":\"https:\\\/\\\/echt-koeln.de\\\/wp-content\\\/uploads\\\/2020\\\/09\\\/cropped-echt_koeln_logo_klein.jpg\",\"url\":\"https:\\\/\\\/echt-koeln.de\\\/wp-content\\\/uploads\\\/2020\\\/09\\\/cropped-echt_koeln_logo_klein.jpg\",\"contentUrl\":\"https:\\\/\\\/echt-koeln.de\\\/wp-content\\\/uploads\\\/2020\\\/09\\\/cropped-echt_koeln_logo_klein.jpg\",\"width\":2000,\"height\":400,\"caption\":\"Markus Zens\"},\"logo\":{\"@id\":\"https:\\\/\\\/echt-koeln.de\\\/wp-content\\\/uploads\\\/2020\\\/09\\\/cropped-echt_koeln_logo_klein.jpg\"}}]}<\/script>\n<!-- \/ Yoast SEO plugin. -->","yoast_head_json":{"title":"Wycieczki z przewodnikiem po Kolonii - echt K\u00f6ln Stadtf\u00fchrungen","robots":{"index":"index","follow":"follow","max-snippet":"max-snippet:-1","max-image-preview":"max-image-preview:large","max-video-preview":"max-video-preview:-1"},"canonical":"https:\/\/echt-koeln.de\/pl\/nasza-zroznicowana-oferta-wycieczek-po-kolonii\/","og_locale":"pl_PL","og_type":"article","og_title":"Wycieczki z przewodnikiem po Kolonii - echt K\u00f6ln Stadtf\u00fchrungen","og_description":"Wycieczki po mie\u015bcie w Kolonii otwieraj\u0105 drzwi do miasta pe\u0142nego historii, opowie\u015bci i \u017cywej kultury. Niezale\u017cnie od tego, czy to stare miasto, Severinsviertel czy Kunibertsviertel \u2013 poka\u017cemy Ci wyj\u0105tkowe miejsca, opowiemy ekscytuj\u0105ce anegdoty i zabierzemy Ci\u0119 w podr\u00f3\u017c pe\u0142n\u0105 odkry\u0107 po Kolonii.Podczas naszych wycieczek po mie\u015bcie poznasz miasto z bliska, poznasz ciekawe fakty o przesz\u0142o\u015bci ... Czytaj dalej","og_url":"https:\/\/echt-koeln.de\/pl\/nasza-zroznicowana-oferta-wycieczek-po-kolonii\/","og_site_name":"echt K\u00f6ln Stadtf\u00fchrungen","article_modified_time":"2025-11-17T14:21:01+00:00","og_image":[{"width":1536,"height":1024,"url":"https:\/\/echt-koeln.de\/wp-content\/uploads\/2024\/12\/241520710-584852786210533-2166851746657018297-n-edited.jpg","type":"image\/jpeg"}],"twitter_card":"summary_large_image","twitter_misc":{"Szacowany czas czytania":"1 minuta"},"schema":{"@context":"https:\/\/schema.org","@graph":[{"@type":"WebPage","@id":"https:\/\/echt-koeln.de\/pl\/nasza-zroznicowana-oferta-wycieczek-po-kolonii\/","url":"https:\/\/echt-koeln.de\/pl\/nasza-zroznicowana-oferta-wycieczek-po-kolonii\/","name":"Wycieczki z przewodnikiem po Kolonii - echt K\u00f6ln Stadtf\u00fchrungen","isPartOf":{"@id":"https:\/\/echt-koeln.de\/pl\/#website"},"primaryImageOfPage":{"@id":"https:\/\/echt-koeln.de\/pl\/nasza-zroznicowana-oferta-wycieczek-po-kolonii\/#primaryimage"},"image":{"@id":"https:\/\/echt-koeln.de\/pl\/nasza-zroznicowana-oferta-wycieczek-po-kolonii\/#primaryimage"},"thumbnailUrl":"https:\/\/echt-koeln.de\/wp-content\/uploads\/2024\/12\/241520710-584852786210533-2166851746657018297-n-edited.jpg","datePublished":"2025-08-13T15:16:14+00:00","dateModified":"2025-11-17T14:21:01+00:00","breadcrumb":{"@id":"https:\/\/echt-koeln.de\/pl\/nasza-zroznicowana-oferta-wycieczek-po-kolonii\/#breadcrumb"},"inLanguage":"pl-PL","potentialAction":[{"@type":"ReadAction","target":["https:\/\/echt-koeln.de\/pl\/nasza-zroznicowana-oferta-wycieczek-po-kolonii\/"]}]},{"@type":"ImageObject","inLanguage":"pl-PL","@id":"https:\/\/echt-koeln.de\/pl\/nasza-zroznicowana-oferta-wycieczek-po-kolonii\/#primaryimage","url":"https:\/\/echt-koeln.de\/wp-content\/uploads\/2024\/12\/241520710-584852786210533-2166851746657018297-n-edited.jpg","contentUrl":"https:\/\/echt-koeln.de\/wp-content\/uploads\/2024\/12\/241520710-584852786210533-2166851746657018297-n-edited.jpg","width":1536,"height":1024},{"@type":"BreadcrumbList","@id":"https:\/\/echt-koeln.de\/pl\/nasza-zroznicowana-oferta-wycieczek-po-kolonii\/#breadcrumb","itemListElement":[{"@type":"ListItem","position":1,"name":"Startseite","item":"https:\/\/echt-koeln.de\/pl\/"},{"@type":"ListItem","position":2,"name":"Wycieczki z przewodnikiem po Kolonii"}]},{"@type":"WebSite","@id":"https:\/\/echt-koeln.de\/pl\/#website","url":"https:\/\/echt-koeln.de\/pl\/","name":"echt K\u00f6ln","description":"Begegnungen mit einer ganz besonderen Stadt","publisher":{"@id":"https:\/\/echt-koeln.de\/pl\/#\/schema\/person\/fafc759c78f6aa21c8fe344f16d37d07"},"potentialAction":[{"@type":"SearchAction","target":{"@type":"EntryPoint","urlTemplate":"https:\/\/echt-koeln.de\/pl\/?s={search_term_string}"},"query-input":{"@type":"PropertyValueSpecification","valueRequired":true,"valueName":"search_term_string"}}],"inLanguage":"pl-PL"},{"@type":["Person","Organization"],"@id":"https:\/\/echt-koeln.de\/pl\/#\/schema\/person\/fafc759c78f6aa21c8fe344f16d37d07","name":"Markus Zens","image":{"@type":"ImageObject","inLanguage":"pl-PL","@id":"https:\/\/echt-koeln.de\/wp-content\/uploads\/2020\/09\/cropped-echt_koeln_logo_klein.jpg","url":"https:\/\/echt-koeln.de\/wp-content\/uploads\/2020\/09\/cropped-echt_koeln_logo_klein.jpg","contentUrl":"https:\/\/echt-koeln.de\/wp-content\/uploads\/2020\/09\/cropped-echt_koeln_logo_klein.jpg","width":2000,"height":400,"caption":"Markus Zens"},"logo":{"@id":"https:\/\/echt-koeln.de\/wp-content\/uploads\/2020\/09\/cropped-echt_koeln_logo_klein.jpg"}}]}},"_links":{"self":[{"href":"https:\/\/echt-koeln.de\/pl\/wp-json\/wp\/v2\/pages\/24358","targetHints":{"allow":["GET"]}}],"collection":[{"href":"https:\/\/echt-koeln.de\/pl\/wp-json\/wp\/v2\/pages"}],"about":[{"href":"https:\/\/echt-koeln.de\/pl\/wp-json\/wp\/v2\/types\/page"}],"author":[{"embeddable":true,"href":"https:\/\/echt-koeln.de\/pl\/wp-json\/wp\/v2\/users\/10"}],"replies":[{"embeddable":true,"href":"https:\/\/echt-koeln.de\/pl\/wp-json\/wp\/v2\/comments?post=24358"}],"version-history":[{"count":3,"href":"https:\/\/echt-koeln.de\/pl\/wp-json\/wp\/v2\/pages\/24358\/revisions"}],"predecessor-version":[{"id":24821,"href":"https:\/\/echt-koeln.de\/pl\/wp-json\/wp\/v2\/pages\/24358\/revisions\/24821"}],"wp:featuredmedia":[{"embeddable":true,"href":"https:\/\/echt-koeln.de\/pl\/wp-json\/wp\/v2\/media\/23318"}],"wp:attachment":[{"href":"https:\/\/echt-koeln.de\/pl\/wp-json\/wp\/v2\/media?parent=24358"}],"curies":[{"name":"wp","href":"https:\/\/api.w.org\/{rel}","templated":true}]}}