{"id":24479,"date":"2020-09-29T11:42:42","date_gmt":"2020-09-29T09:42:42","guid":{"rendered":"https:\/\/echt-koeln.de\/promenades-en-ville-a-cologne\/"},"modified":"2025-11-17T15:22:22","modified_gmt":"2025-11-17T14:22:22","slug":"promenades-en-ville-a-cologne","status":"publish","type":"page","link":"https:\/\/echt-koeln.de\/fr\/tours\/promenades-en-ville-a-cologne\/","title":{"rendered":"Promenades en ville \u00e0 Cologne"},"content":{"rendered":"\n<p>Promenez-vous dans Cologne et red\u00e9couvrez votre ville sous un jour nouveau.  <\/p>\n\n<p>Rejoignez-nous lors de nos promenades dans la ville de Cologne. Nous prendrons notre temps et nous nous d\u00e9placerons hors des sentiers battus. Il y a beaucoup \u00e0 d\u00e9couvrir sur 2 000 ans d&rsquo;histoire de la ville.    <\/p>\n\n<p>Vous avez peut-\u00eatre d\u00e9j\u00e0 vu beaucoup de choses, mais si nous vous racontons les histoires qui les accompagnent, vous verrez votre ville d&rsquo;un autre \u0153il.<\/p>\n\n<p>Connaissez-vous la maison Overstolzen ou la fontaine de Fassnacht, St. Gregorius im Elend et le Stavenhof, la tour Malakoff et les Grink\u00f6pfe ?  <\/p>\n\n<p>Nous nous promenons avec vous dans la ville et vous montrons Cologne, en toute tranquillit\u00e9, de mani\u00e8re comp\u00e9tente et divertissante. Actuellement, nous ne proposons les promenades en ville qu&rsquo;aux groupes. N&rsquo;h\u00e9sitez pas \u00e0 nous contacter.  <\/p>\n<div class=\"gb-container gb-container-dd25cd9c\"><div class=\"gb-inside-container\">\n<div class=\"ultp-not-found-message\" role=\"alert\">No Post Found<\/div>\n<\/div><\/div>","protected":false},"excerpt":{"rendered":"<p>D\u00e9couvrir des secrets, des coins inconnus et de grands b\u00e2timents<\/p>\n","protected":false},"author":2,"featured_media":22775,"parent":24924,"menu_order":53,"comment_status":"closed","ping_status":"closed","template":"","meta":{"footnotes":""},"class_list":["post-24479","page","type-page","status-publish","has-post-thumbnail"],"yoast_head":"<!-- This site is optimized with the Yoast SEO plugin v27.4 - https:\/\/yoast.com\/product\/yoast-seo-wordpress\/ -->\n<title>Promenades en ville \u00e0 Cologne | echt K\u00f6ln<\/title>\n<meta name=\"description\" content=\"Red\u00e9couvrez la ville de la cath\u00e9drale : avec nos promenades \u00e0 Cologne. Trouvez les places disponibles &amp; r\u00e9servez en ligne d\u00e8s maintenant.\" \/>\n<meta name=\"robots\" content=\"index, follow, max-snippet:-1, max-image-preview:large, max-video-preview:-1\" \/>\n<link rel=\"canonical\" href=\"https:\/\/echt-koeln.de\/fr\/tours\/promenades-en-ville-a-cologne\/\" \/>\n<meta property=\"og:locale\" content=\"fr_FR\" \/>\n<meta property=\"og:type\" content=\"article\" \/>\n<meta property=\"og:title\" content=\"Promenades en ville \u00e0 Cologne | echt K\u00f6ln\" \/>\n<meta property=\"og:description\" content=\"Red\u00e9couvrez la ville de la cath\u00e9drale : avec nos promenades \u00e0 Cologne. Trouvez les places disponibles &amp; r\u00e9servez en ligne d\u00e8s maintenant.\" \/>\n<meta property=\"og:url\" content=\"https:\/\/echt-koeln.de\/fr\/tours\/promenades-en-ville-a-cologne\/\" \/>\n<meta property=\"og:site_name\" content=\"echt K\u00f6ln Stadtf\u00fchrungen\" \/>\n<meta property=\"article:modified_time\" content=\"2025-11-17T14:22:22+00:00\" \/>\n<meta property=\"og:image\" content=\"https:\/\/echt-koeln.de\/wp-content\/uploads\/2022\/03\/img-5436.jpg\" \/>\n\t<meta property=\"og:image:width\" content=\"2048\" \/>\n\t<meta property=\"og:image:height\" content=\"1536\" \/>\n\t<meta property=\"og:image:type\" content=\"image\/jpeg\" \/>\n<meta name=\"twitter:card\" content=\"summary_large_image\" \/>\n<meta name=\"twitter:label1\" content=\"Dur\u00e9e de lecture estim\u00e9e\" \/>\n\t<meta name=\"twitter:data1\" content=\"1 minute\" \/>\n<script type=\"application\/ld+json\" class=\"yoast-schema-graph\">{\"@context\":\"https:\\\/\\\/schema.org\",\"@graph\":[{\"@type\":\"WebPage\",\"@id\":\"https:\\\/\\\/echt-koeln.de\\\/fr\\\/tours\\\/promenades-en-ville-a-cologne\\\/\",\"url\":\"https:\\\/\\\/echt-koeln.de\\\/fr\\\/tours\\\/promenades-en-ville-a-cologne\\\/\",\"name\":\"Promenades en ville \u00e0 Cologne | echt K\u00f6ln\",\"isPartOf\":{\"@id\":\"https:\\\/\\\/echt-koeln.de\\\/fr\\\/#website\"},\"primaryImageOfPage\":{\"@id\":\"https:\\\/\\\/echt-koeln.de\\\/fr\\\/tours\\\/promenades-en-ville-a-cologne\\\/#primaryimage\"},\"image\":{\"@id\":\"https:\\\/\\\/echt-koeln.de\\\/fr\\\/tours\\\/promenades-en-ville-a-cologne\\\/#primaryimage\"},\"thumbnailUrl\":\"https:\\\/\\\/echt-koeln.de\\\/wp-content\\\/uploads\\\/2022\\\/03\\\/img-5436.jpg\",\"datePublished\":\"2020-09-29T09:42:42+00:00\",\"dateModified\":\"2025-11-17T14:22:22+00:00\",\"description\":\"Red\u00e9couvrez la ville de la cath\u00e9drale : avec nos promenades \u00e0 Cologne. Trouvez les places disponibles & r\u00e9servez en ligne d\u00e8s maintenant.\",\"breadcrumb\":{\"@id\":\"https:\\\/\\\/echt-koeln.de\\\/fr\\\/tours\\\/promenades-en-ville-a-cologne\\\/#breadcrumb\"},\"inLanguage\":\"fr-FR\",\"potentialAction\":[{\"@type\":\"ReadAction\",\"target\":[\"https:\\\/\\\/echt-koeln.de\\\/fr\\\/tours\\\/promenades-en-ville-a-cologne\\\/\"]}]},{\"@type\":\"ImageObject\",\"inLanguage\":\"fr-FR\",\"@id\":\"https:\\\/\\\/echt-koeln.de\\\/fr\\\/tours\\\/promenades-en-ville-a-cologne\\\/#primaryimage\",\"url\":\"https:\\\/\\\/echt-koeln.de\\\/wp-content\\\/uploads\\\/2022\\\/03\\\/img-5436.jpg\",\"contentUrl\":\"https:\\\/\\\/echt-koeln.de\\\/wp-content\\\/uploads\\\/2022\\\/03\\\/img-5436.jpg\",\"width\":2048,\"height\":1536},{\"@type\":\"BreadcrumbList\",\"@id\":\"https:\\\/\\\/echt-koeln.de\\\/fr\\\/tours\\\/promenades-en-ville-a-cologne\\\/#breadcrumb\",\"itemListElement\":[{\"@type\":\"ListItem\",\"position\":1,\"name\":\"Startseite\",\"item\":\"https:\\\/\\\/echt-koeln.de\\\/fr\\\/\"},{\"@type\":\"ListItem\",\"position\":2,\"name\":\"Tours\",\"item\":\"https:\\\/\\\/echt-koeln.de\\\/fr\\\/tours\\\/\"},{\"@type\":\"ListItem\",\"position\":3,\"name\":\"Promenades en ville \u00e0 Cologne\"}]},{\"@type\":\"WebSite\",\"@id\":\"https:\\\/\\\/echt-koeln.de\\\/fr\\\/#website\",\"url\":\"https:\\\/\\\/echt-koeln.de\\\/fr\\\/\",\"name\":\"echt K\u00f6ln\",\"description\":\"Begegnungen mit einer ganz besonderen Stadt\",\"publisher\":{\"@id\":\"https:\\\/\\\/echt-koeln.de\\\/fr\\\/#\\\/schema\\\/person\\\/fafc759c78f6aa21c8fe344f16d37d07\"},\"potentialAction\":[{\"@type\":\"SearchAction\",\"target\":{\"@type\":\"EntryPoint\",\"urlTemplate\":\"https:\\\/\\\/echt-koeln.de\\\/fr\\\/?s={search_term_string}\"},\"query-input\":{\"@type\":\"PropertyValueSpecification\",\"valueRequired\":true,\"valueName\":\"search_term_string\"}}],\"inLanguage\":\"fr-FR\"},{\"@type\":[\"Person\",\"Organization\"],\"@id\":\"https:\\\/\\\/echt-koeln.de\\\/fr\\\/#\\\/schema\\\/person\\\/fafc759c78f6aa21c8fe344f16d37d07\",\"name\":\"Markus Zens\",\"image\":{\"@type\":\"ImageObject\",\"inLanguage\":\"fr-FR\",\"@id\":\"https:\\\/\\\/echt-koeln.de\\\/wp-content\\\/uploads\\\/2020\\\/09\\\/cropped-echt_koeln_logo_klein.jpg\",\"url\":\"https:\\\/\\\/echt-koeln.de\\\/wp-content\\\/uploads\\\/2020\\\/09\\\/cropped-echt_koeln_logo_klein.jpg\",\"contentUrl\":\"https:\\\/\\\/echt-koeln.de\\\/wp-content\\\/uploads\\\/2020\\\/09\\\/cropped-echt_koeln_logo_klein.jpg\",\"width\":2000,\"height\":400,\"caption\":\"Markus Zens\"},\"logo\":{\"@id\":\"https:\\\/\\\/echt-koeln.de\\\/wp-content\\\/uploads\\\/2020\\\/09\\\/cropped-echt_koeln_logo_klein.jpg\"}}]}<\/script>\n<!-- \/ Yoast SEO plugin. -->","yoast_head_json":{"title":"Promenades en ville \u00e0 Cologne | echt K\u00f6ln","description":"Red\u00e9couvrez la ville de la cath\u00e9drale : avec nos promenades \u00e0 Cologne. Trouvez les places disponibles & r\u00e9servez en ligne d\u00e8s maintenant.","robots":{"index":"index","follow":"follow","max-snippet":"max-snippet:-1","max-image-preview":"max-image-preview:large","max-video-preview":"max-video-preview:-1"},"canonical":"https:\/\/echt-koeln.de\/fr\/tours\/promenades-en-ville-a-cologne\/","og_locale":"fr_FR","og_type":"article","og_title":"Promenades en ville \u00e0 Cologne | echt K\u00f6ln","og_description":"Red\u00e9couvrez la ville de la cath\u00e9drale : avec nos promenades \u00e0 Cologne. Trouvez les places disponibles & r\u00e9servez en ligne d\u00e8s maintenant.","og_url":"https:\/\/echt-koeln.de\/fr\/tours\/promenades-en-ville-a-cologne\/","og_site_name":"echt K\u00f6ln Stadtf\u00fchrungen","article_modified_time":"2025-11-17T14:22:22+00:00","og_image":[{"width":2048,"height":1536,"url":"https:\/\/echt-koeln.de\/wp-content\/uploads\/2022\/03\/img-5436.jpg","type":"image\/jpeg"}],"twitter_card":"summary_large_image","twitter_misc":{"Dur\u00e9e de lecture estim\u00e9e":"1 minute"},"schema":{"@context":"https:\/\/schema.org","@graph":[{"@type":"WebPage","@id":"https:\/\/echt-koeln.de\/fr\/tours\/promenades-en-ville-a-cologne\/","url":"https:\/\/echt-koeln.de\/fr\/tours\/promenades-en-ville-a-cologne\/","name":"Promenades en ville \u00e0 Cologne | echt K\u00f6ln","isPartOf":{"@id":"https:\/\/echt-koeln.de\/fr\/#website"},"primaryImageOfPage":{"@id":"https:\/\/echt-koeln.de\/fr\/tours\/promenades-en-ville-a-cologne\/#primaryimage"},"image":{"@id":"https:\/\/echt-koeln.de\/fr\/tours\/promenades-en-ville-a-cologne\/#primaryimage"},"thumbnailUrl":"https:\/\/echt-koeln.de\/wp-content\/uploads\/2022\/03\/img-5436.jpg","datePublished":"2020-09-29T09:42:42+00:00","dateModified":"2025-11-17T14:22:22+00:00","description":"Red\u00e9couvrez la ville de la cath\u00e9drale : avec nos promenades \u00e0 Cologne. Trouvez les places disponibles & r\u00e9servez en ligne d\u00e8s maintenant.","breadcrumb":{"@id":"https:\/\/echt-koeln.de\/fr\/tours\/promenades-en-ville-a-cologne\/#breadcrumb"},"inLanguage":"fr-FR","potentialAction":[{"@type":"ReadAction","target":["https:\/\/echt-koeln.de\/fr\/tours\/promenades-en-ville-a-cologne\/"]}]},{"@type":"ImageObject","inLanguage":"fr-FR","@id":"https:\/\/echt-koeln.de\/fr\/tours\/promenades-en-ville-a-cologne\/#primaryimage","url":"https:\/\/echt-koeln.de\/wp-content\/uploads\/2022\/03\/img-5436.jpg","contentUrl":"https:\/\/echt-koeln.de\/wp-content\/uploads\/2022\/03\/img-5436.jpg","width":2048,"height":1536},{"@type":"BreadcrumbList","@id":"https:\/\/echt-koeln.de\/fr\/tours\/promenades-en-ville-a-cologne\/#breadcrumb","itemListElement":[{"@type":"ListItem","position":1,"name":"Startseite","item":"https:\/\/echt-koeln.de\/fr\/"},{"@type":"ListItem","position":2,"name":"Tours","item":"https:\/\/echt-koeln.de\/fr\/tours\/"},{"@type":"ListItem","position":3,"name":"Promenades en ville \u00e0 Cologne"}]},{"@type":"WebSite","@id":"https:\/\/echt-koeln.de\/fr\/#website","url":"https:\/\/echt-koeln.de\/fr\/","name":"echt K\u00f6ln","description":"Begegnungen mit einer ganz besonderen Stadt","publisher":{"@id":"https:\/\/echt-koeln.de\/fr\/#\/schema\/person\/fafc759c78f6aa21c8fe344f16d37d07"},"potentialAction":[{"@type":"SearchAction","target":{"@type":"EntryPoint","urlTemplate":"https:\/\/echt-koeln.de\/fr\/?s={search_term_string}"},"query-input":{"@type":"PropertyValueSpecification","valueRequired":true,"valueName":"search_term_string"}}],"inLanguage":"fr-FR"},{"@type":["Person","Organization"],"@id":"https:\/\/echt-koeln.de\/fr\/#\/schema\/person\/fafc759c78f6aa21c8fe344f16d37d07","name":"Markus Zens","image":{"@type":"ImageObject","inLanguage":"fr-FR","@id":"https:\/\/echt-koeln.de\/wp-content\/uploads\/2020\/09\/cropped-echt_koeln_logo_klein.jpg","url":"https:\/\/echt-koeln.de\/wp-content\/uploads\/2020\/09\/cropped-echt_koeln_logo_klein.jpg","contentUrl":"https:\/\/echt-koeln.de\/wp-content\/uploads\/2020\/09\/cropped-echt_koeln_logo_klein.jpg","width":2000,"height":400,"caption":"Markus Zens"},"logo":{"@id":"https:\/\/echt-koeln.de\/wp-content\/uploads\/2020\/09\/cropped-echt_koeln_logo_klein.jpg"}}]}},"_links":{"self":[{"href":"https:\/\/echt-koeln.de\/fr\/wp-json\/wp\/v2\/pages\/24479","targetHints":{"allow":["GET"]}}],"collection":[{"href":"https:\/\/echt-koeln.de\/fr\/wp-json\/wp\/v2\/pages"}],"about":[{"href":"https:\/\/echt-koeln.de\/fr\/wp-json\/wp\/v2\/types\/page"}],"author":[{"embeddable":true,"href":"https:\/\/echt-koeln.de\/fr\/wp-json\/wp\/v2\/users\/2"}],"replies":[{"embeddable":true,"href":"https:\/\/echt-koeln.de\/fr\/wp-json\/wp\/v2\/comments?post=24479"}],"version-history":[{"count":1,"href":"https:\/\/echt-koeln.de\/fr\/wp-json\/wp\/v2\/pages\/24479\/revisions"}],"predecessor-version":[{"id":24482,"href":"https:\/\/echt-koeln.de\/fr\/wp-json\/wp\/v2\/pages\/24479\/revisions\/24482"}],"up":[{"embeddable":true,"href":"https:\/\/echt-koeln.de\/fr\/wp-json\/wp\/v2\/pages\/24924"}],"wp:featuredmedia":[{"embeddable":true,"href":"https:\/\/echt-koeln.de\/fr\/wp-json\/wp\/v2\/media\/22775"}],"wp:attachment":[{"href":"https:\/\/echt-koeln.de\/fr\/wp-json\/wp\/v2\/media?parent=24479"}],"curies":[{"name":"wp","href":"https:\/\/api.w.org\/{rel}","templated":true}]}}