{"id":24465,"date":"2020-09-29T11:42:42","date_gmt":"2020-09-29T09:42:42","guid":{"rendered":"https:\/\/echt-koeln.de\/paseos-por-colonia\/"},"modified":"2025-11-17T15:22:24","modified_gmt":"2025-11-17T14:22:24","slug":"paseos-por-colonia","status":"publish","type":"page","link":"https:\/\/echt-koeln.de\/es\/tours\/paseos-por-colonia\/","title":{"rendered":"Paseos por Colonia"},"content":{"rendered":"\n<p>Pasea por Colonia y descubre tu ciudad de una forma totalmente nueva.  <\/p>\n\n<p>Acomp\u00e1\u00f1anos en nuestros paseos por la ciudad de Colonia. Nos tomamos nuestro tiempo y nos salimos de los caminos trillados. Aqu\u00ed hay mucho que descubrir de 2.000 a\u00f1os de historia de la ciudad.    <\/p>\n\n<p>Puede que ya hayas visto mucho, pero cuando te contemos las historias, ver\u00e1s tu ciudad con otros ojos.<\/p>\n\n<p>\u00bfConoces la Overstolzenhaus o el Fassnachtsbrunnen, San Gregorio en el Elend y el Stavenhof, la Malakoffturm y el Grink\u00f6pfe?  <\/p>\n\n<p>Paseamos contigo por la ciudad y te mostramos Colonia de forma relajada, competente y entretenida. Actualmente s\u00f3lo ofrecemos paseos por la ciudad para grupos. Ponte en contacto con nosotros.  <\/p>\n<div class=\"gb-container gb-container-dd25cd9c\"><div class=\"gb-inside-container\">\n<div class=\"ultp-not-found-message\" role=\"alert\">No Post Found<\/div>\n<\/div><\/div>","protected":false},"excerpt":{"rendered":"<p>Descubre consejos de iniciados, rincones desconocidos y edificios magn\u00edficos<\/p>\n","protected":false},"author":2,"featured_media":24473,"parent":24927,"menu_order":51,"comment_status":"closed","ping_status":"closed","template":"","meta":{"footnotes":""},"class_list":["post-24465","page","type-page","status-publish","has-post-thumbnail"],"yoast_head":"<!-- This site is optimized with the Yoast SEO plugin v27.4 - https:\/\/yoast.com\/product\/yoast-seo-wordpress\/ -->\n<title>Paseos por la ciudad de Colonia | Colonia real<\/title>\n<meta name=\"description\" content=\"Redescubre la ciudad de las catedrales: con nuestros paseos urbanos por Colonia. Encuentra plazas libres y reserva online ahora.\" \/>\n<meta name=\"robots\" content=\"index, follow, max-snippet:-1, max-image-preview:large, max-video-preview:-1\" \/>\n<link rel=\"canonical\" href=\"https:\/\/echt-koeln.de\/es\/tours\/paseos-por-colonia\/\" \/>\n<meta property=\"og:locale\" content=\"es_ES\" \/>\n<meta property=\"og:type\" content=\"article\" \/>\n<meta property=\"og:title\" content=\"Paseos por la ciudad de Colonia | Colonia real\" \/>\n<meta property=\"og:description\" content=\"Redescubre la ciudad de las catedrales: con nuestros paseos urbanos por Colonia. Encuentra plazas libres y reserva online ahora.\" \/>\n<meta property=\"og:url\" content=\"https:\/\/echt-koeln.de\/es\/tours\/paseos-por-colonia\/\" \/>\n<meta property=\"og:site_name\" content=\"echt K\u00f6ln Stadtf\u00fchrungen\" \/>\n<meta property=\"article:modified_time\" content=\"2025-11-17T14:22:24+00:00\" \/>\n<meta property=\"og:image\" content=\"https:\/\/echt-koeln.de\/wp-content\/uploads\/2022\/03\/img-5436.jpg\" \/>\n\t<meta property=\"og:image:width\" content=\"2048\" \/>\n\t<meta property=\"og:image:height\" content=\"1536\" \/>\n\t<meta property=\"og:image:type\" content=\"image\/jpeg\" \/>\n<meta name=\"twitter:card\" content=\"summary_large_image\" \/>\n<meta name=\"twitter:label1\" content=\"Tiempo de lectura\" \/>\n\t<meta name=\"twitter:data1\" content=\"1 minuto\" \/>\n<script type=\"application\/ld+json\" class=\"yoast-schema-graph\">{\"@context\":\"https:\\\/\\\/schema.org\",\"@graph\":[{\"@type\":\"WebPage\",\"@id\":\"https:\\\/\\\/echt-koeln.de\\\/es\\\/tours\\\/paseos-por-colonia\\\/\",\"url\":\"https:\\\/\\\/echt-koeln.de\\\/es\\\/tours\\\/paseos-por-colonia\\\/\",\"name\":\"Paseos por la ciudad de Colonia | Colonia real\",\"isPartOf\":{\"@id\":\"https:\\\/\\\/echt-koeln.de\\\/es\\\/#website\"},\"primaryImageOfPage\":{\"@id\":\"https:\\\/\\\/echt-koeln.de\\\/es\\\/tours\\\/paseos-por-colonia\\\/#primaryimage\"},\"image\":{\"@id\":\"https:\\\/\\\/echt-koeln.de\\\/es\\\/tours\\\/paseos-por-colonia\\\/#primaryimage\"},\"thumbnailUrl\":\"https:\\\/\\\/echt-koeln.de\\\/wp-content\\\/uploads\\\/2022\\\/03\\\/img-5436.jpg\",\"datePublished\":\"2020-09-29T09:42:42+00:00\",\"dateModified\":\"2025-11-17T14:22:24+00:00\",\"description\":\"Redescubre la ciudad de las catedrales: con nuestros paseos urbanos por Colonia. Encuentra plazas libres y reserva online ahora.\",\"breadcrumb\":{\"@id\":\"https:\\\/\\\/echt-koeln.de\\\/es\\\/tours\\\/paseos-por-colonia\\\/#breadcrumb\"},\"inLanguage\":\"es\",\"potentialAction\":[{\"@type\":\"ReadAction\",\"target\":[\"https:\\\/\\\/echt-koeln.de\\\/es\\\/tours\\\/paseos-por-colonia\\\/\"]}]},{\"@type\":\"ImageObject\",\"inLanguage\":\"es\",\"@id\":\"https:\\\/\\\/echt-koeln.de\\\/es\\\/tours\\\/paseos-por-colonia\\\/#primaryimage\",\"url\":\"https:\\\/\\\/echt-koeln.de\\\/wp-content\\\/uploads\\\/2022\\\/03\\\/img-5436.jpg\",\"contentUrl\":\"https:\\\/\\\/echt-koeln.de\\\/wp-content\\\/uploads\\\/2022\\\/03\\\/img-5436.jpg\",\"width\":2048,\"height\":1536},{\"@type\":\"BreadcrumbList\",\"@id\":\"https:\\\/\\\/echt-koeln.de\\\/es\\\/tours\\\/paseos-por-colonia\\\/#breadcrumb\",\"itemListElement\":[{\"@type\":\"ListItem\",\"position\":1,\"name\":\"Startseite\",\"item\":\"https:\\\/\\\/echt-koeln.de\\\/es\\\/\"},{\"@type\":\"ListItem\",\"position\":2,\"name\":\"Tours\",\"item\":\"https:\\\/\\\/echt-koeln.de\\\/es\\\/tours\\\/\"},{\"@type\":\"ListItem\",\"position\":3,\"name\":\"Paseos por Colonia\"}]},{\"@type\":\"WebSite\",\"@id\":\"https:\\\/\\\/echt-koeln.de\\\/es\\\/#website\",\"url\":\"https:\\\/\\\/echt-koeln.de\\\/es\\\/\",\"name\":\"echt K\u00f6ln\",\"description\":\"Begegnungen mit einer ganz besonderen Stadt\",\"publisher\":{\"@id\":\"https:\\\/\\\/echt-koeln.de\\\/es\\\/#\\\/schema\\\/person\\\/fafc759c78f6aa21c8fe344f16d37d07\"},\"potentialAction\":[{\"@type\":\"SearchAction\",\"target\":{\"@type\":\"EntryPoint\",\"urlTemplate\":\"https:\\\/\\\/echt-koeln.de\\\/es\\\/?s={search_term_string}\"},\"query-input\":{\"@type\":\"PropertyValueSpecification\",\"valueRequired\":true,\"valueName\":\"search_term_string\"}}],\"inLanguage\":\"es\"},{\"@type\":[\"Person\",\"Organization\"],\"@id\":\"https:\\\/\\\/echt-koeln.de\\\/es\\\/#\\\/schema\\\/person\\\/fafc759c78f6aa21c8fe344f16d37d07\",\"name\":\"Markus Zens\",\"image\":{\"@type\":\"ImageObject\",\"inLanguage\":\"es\",\"@id\":\"https:\\\/\\\/echt-koeln.de\\\/wp-content\\\/uploads\\\/2020\\\/09\\\/cropped-echt_koeln_logo_klein.jpg\",\"url\":\"https:\\\/\\\/echt-koeln.de\\\/wp-content\\\/uploads\\\/2020\\\/09\\\/cropped-echt_koeln_logo_klein.jpg\",\"contentUrl\":\"https:\\\/\\\/echt-koeln.de\\\/wp-content\\\/uploads\\\/2020\\\/09\\\/cropped-echt_koeln_logo_klein.jpg\",\"width\":2000,\"height\":400,\"caption\":\"Markus Zens\"},\"logo\":{\"@id\":\"https:\\\/\\\/echt-koeln.de\\\/wp-content\\\/uploads\\\/2020\\\/09\\\/cropped-echt_koeln_logo_klein.jpg\"}}]}<\/script>\n<!-- \/ Yoast SEO plugin. -->","yoast_head_json":{"title":"Paseos por la ciudad de Colonia | Colonia real","description":"Redescubre la ciudad de las catedrales: con nuestros paseos urbanos por Colonia. Encuentra plazas libres y reserva online ahora.","robots":{"index":"index","follow":"follow","max-snippet":"max-snippet:-1","max-image-preview":"max-image-preview:large","max-video-preview":"max-video-preview:-1"},"canonical":"https:\/\/echt-koeln.de\/es\/tours\/paseos-por-colonia\/","og_locale":"es_ES","og_type":"article","og_title":"Paseos por la ciudad de Colonia | Colonia real","og_description":"Redescubre la ciudad de las catedrales: con nuestros paseos urbanos por Colonia. Encuentra plazas libres y reserva online ahora.","og_url":"https:\/\/echt-koeln.de\/es\/tours\/paseos-por-colonia\/","og_site_name":"echt K\u00f6ln Stadtf\u00fchrungen","article_modified_time":"2025-11-17T14:22:24+00:00","og_image":[{"width":2048,"height":1536,"url":"https:\/\/echt-koeln.de\/wp-content\/uploads\/2022\/03\/img-5436.jpg","type":"image\/jpeg"}],"twitter_card":"summary_large_image","twitter_misc":{"Tiempo de lectura":"1 minuto"},"schema":{"@context":"https:\/\/schema.org","@graph":[{"@type":"WebPage","@id":"https:\/\/echt-koeln.de\/es\/tours\/paseos-por-colonia\/","url":"https:\/\/echt-koeln.de\/es\/tours\/paseos-por-colonia\/","name":"Paseos por la ciudad de Colonia | Colonia real","isPartOf":{"@id":"https:\/\/echt-koeln.de\/es\/#website"},"primaryImageOfPage":{"@id":"https:\/\/echt-koeln.de\/es\/tours\/paseos-por-colonia\/#primaryimage"},"image":{"@id":"https:\/\/echt-koeln.de\/es\/tours\/paseos-por-colonia\/#primaryimage"},"thumbnailUrl":"https:\/\/echt-koeln.de\/wp-content\/uploads\/2022\/03\/img-5436.jpg","datePublished":"2020-09-29T09:42:42+00:00","dateModified":"2025-11-17T14:22:24+00:00","description":"Redescubre la ciudad de las catedrales: con nuestros paseos urbanos por Colonia. Encuentra plazas libres y reserva online ahora.","breadcrumb":{"@id":"https:\/\/echt-koeln.de\/es\/tours\/paseos-por-colonia\/#breadcrumb"},"inLanguage":"es","potentialAction":[{"@type":"ReadAction","target":["https:\/\/echt-koeln.de\/es\/tours\/paseos-por-colonia\/"]}]},{"@type":"ImageObject","inLanguage":"es","@id":"https:\/\/echt-koeln.de\/es\/tours\/paseos-por-colonia\/#primaryimage","url":"https:\/\/echt-koeln.de\/wp-content\/uploads\/2022\/03\/img-5436.jpg","contentUrl":"https:\/\/echt-koeln.de\/wp-content\/uploads\/2022\/03\/img-5436.jpg","width":2048,"height":1536},{"@type":"BreadcrumbList","@id":"https:\/\/echt-koeln.de\/es\/tours\/paseos-por-colonia\/#breadcrumb","itemListElement":[{"@type":"ListItem","position":1,"name":"Startseite","item":"https:\/\/echt-koeln.de\/es\/"},{"@type":"ListItem","position":2,"name":"Tours","item":"https:\/\/echt-koeln.de\/es\/tours\/"},{"@type":"ListItem","position":3,"name":"Paseos por Colonia"}]},{"@type":"WebSite","@id":"https:\/\/echt-koeln.de\/es\/#website","url":"https:\/\/echt-koeln.de\/es\/","name":"echt K\u00f6ln","description":"Begegnungen mit einer ganz besonderen Stadt","publisher":{"@id":"https:\/\/echt-koeln.de\/es\/#\/schema\/person\/fafc759c78f6aa21c8fe344f16d37d07"},"potentialAction":[{"@type":"SearchAction","target":{"@type":"EntryPoint","urlTemplate":"https:\/\/echt-koeln.de\/es\/?s={search_term_string}"},"query-input":{"@type":"PropertyValueSpecification","valueRequired":true,"valueName":"search_term_string"}}],"inLanguage":"es"},{"@type":["Person","Organization"],"@id":"https:\/\/echt-koeln.de\/es\/#\/schema\/person\/fafc759c78f6aa21c8fe344f16d37d07","name":"Markus Zens","image":{"@type":"ImageObject","inLanguage":"es","@id":"https:\/\/echt-koeln.de\/wp-content\/uploads\/2020\/09\/cropped-echt_koeln_logo_klein.jpg","url":"https:\/\/echt-koeln.de\/wp-content\/uploads\/2020\/09\/cropped-echt_koeln_logo_klein.jpg","contentUrl":"https:\/\/echt-koeln.de\/wp-content\/uploads\/2020\/09\/cropped-echt_koeln_logo_klein.jpg","width":2000,"height":400,"caption":"Markus Zens"},"logo":{"@id":"https:\/\/echt-koeln.de\/wp-content\/uploads\/2020\/09\/cropped-echt_koeln_logo_klein.jpg"}}]}},"_links":{"self":[{"href":"https:\/\/echt-koeln.de\/es\/wp-json\/wp\/v2\/pages\/24465","targetHints":{"allow":["GET"]}}],"collection":[{"href":"https:\/\/echt-koeln.de\/es\/wp-json\/wp\/v2\/pages"}],"about":[{"href":"https:\/\/echt-koeln.de\/es\/wp-json\/wp\/v2\/types\/page"}],"author":[{"embeddable":true,"href":"https:\/\/echt-koeln.de\/es\/wp-json\/wp\/v2\/users\/2"}],"replies":[{"embeddable":true,"href":"https:\/\/echt-koeln.de\/es\/wp-json\/wp\/v2\/comments?post=24465"}],"version-history":[{"count":1,"href":"https:\/\/echt-koeln.de\/es\/wp-json\/wp\/v2\/pages\/24465\/revisions"}],"predecessor-version":[{"id":24474,"href":"https:\/\/echt-koeln.de\/es\/wp-json\/wp\/v2\/pages\/24465\/revisions\/24474"}],"up":[{"embeddable":true,"href":"https:\/\/echt-koeln.de\/es\/wp-json\/wp\/v2\/pages\/24927"}],"wp:featuredmedia":[{"embeddable":true,"href":"https:\/\/echt-koeln.de\/es\/wp-json\/wp\/v2\/media\/24473"}],"wp:attachment":[{"href":"https:\/\/echt-koeln.de\/es\/wp-json\/wp\/v2\/media?parent=24465"}],"curies":[{"name":"wp","href":"https:\/\/api.w.org\/{rel}","templated":true}]}}